{"id":248,"date":"2021-05-04T12:25:38","date_gmt":"2021-05-04T12:25:38","guid":{"rendered":"https:\/\/www.comercialfrankcanarias.com\/?page_id=248"},"modified":"2021-05-04T12:25:38","modified_gmt":"2021-05-04T12:25:38","slug":"politica-cookies","status":"publish","type":"page","link":"https:\/\/www.comercialfrankcanarias.com\/index.php\/politica-cookies\/","title":{"rendered":"Pol\u00edtica de cookies"},"content":{"rendered":"\n<h3 class=\"wp-block-heading\"><strong>\u00bfQu\u00e9 son las cookies?<\/strong><\/h3>\n\n\n\n<p>Una cookie es un archivo que se descarga en tu dispositivo (ordenador, m\u00f3vil, tablet\u2026) cuando accedes a una web. Contienen alg\u00fan tipo de informaci\u00f3n sobre ti, como usuario. Las cookies se utilizan con diversas finalidades, tales como guardar tus preferencias, h\u00e1bitos de navegaci\u00f3n, reconocer el usuario y evitar pedir de nuevo la autenficaci\u00f3n, entre otros muchos prop\u00f3sitos.<\/p>\n\n\n\n<h3 class=\"wp-block-heading\"><strong>Tipos de cookies<\/strong><\/h3>\n\n\n\n<p>Se pueden clasificar atendiendo a diversos criterios.<\/p>\n\n\n\n<p>Seg\u00fan quien&nbsp;<strong>genera&nbsp;<\/strong>la cookie, \u00e9stas pueden ser:<\/p>\n\n\n\n<ul class=\"wp-block-list\"><li><strong>cookies propias<\/strong>: son las generadas por el dominio de la propia p\u00e1gina web que se est\u00e1 visitando<\/li><li><strong>cookies de terceros<\/strong>: las generadas por servicios o proveedores externos al titular de la web que se visita<\/li><\/ul>\n\n\n\n<p>Seg\u00fan su&nbsp;<strong>vigencia o duraci\u00f3n<\/strong>, las cookies pueden ser:<\/p>\n\n\n\n<ul class=\"wp-block-list\"><li><strong>cookies de sesi\u00f3n<\/strong>: expiran y se borran cuando el usuario deja de navegar por el sitio web.<\/li><li><strong>cookies permanentes<\/strong>: quedan almacenadas por un tiempo m\u00e1s largo, definido por el creador de la cookie, y que podr\u00eda de ser de d\u00edas, semanas, meses\u2026<\/li><\/ul>\n\n\n\n<p>Seg\u00fan su&nbsp;<strong>finalidad<\/strong>, las cookies podr\u00edan ser:<\/p>\n\n\n\n<ul class=\"wp-block-list\"><li><strong>cookies t\u00e9cnicas<\/strong>: aquellas que son imprescindibles y necesarias para el funcionamiento de un sitio web.<\/li><li><strong>cookies de personalizaci\u00f3n<\/strong>: guardan informaci\u00f3n sobre preferencias, como la selecci\u00f3n de tu idioma o regi\u00f3n, tipo de moneda, etc.<\/li><li><strong>cookies anal\u00edticas<\/strong>: para realizar un seguimiento de la navegaci\u00f3n del usuario.<\/li><li><strong>cookies de publicidad y comportamentales<\/strong>: recopilan informaci\u00f3n sobre preferencias y el uso del sitio web por parte del usuario, con objeto de crear perfiles y ofrecer publicidad relacionada de inter\u00e9s.<\/li><li><strong>cookies de afiliados<\/strong>: para registrar las visitas procedentes de otros portales con los que el sitio web tenga un acuerdo de afiliaci\u00f3n (empresas de afiliaci\u00f3n)<\/li><\/ul>\n\n\n\n<h3 class=\"wp-block-heading\"><strong>Cookies empleadas en esta web<\/strong><\/h3>\n\n\n\n<p>En esta web empleamos cookies t\u00e9cnicas propias, indispensables para el funcionamiento de la web.<\/p>\n\n\n\n<p>No usamos cookies de terceros ni con fines anal\u00edticos o publicitarios.<\/p>\n\n\n\n<h3 class=\"wp-block-heading\"><strong>Gesti\u00f3n y configuraci\u00f3n de Cookies<\/strong><\/h3>\n\n\n\n<p>Puedes permitir, bloquear o eliminar las cookies instaladas en tu equipo mediante las opciones de configuraci\u00f3n del navegador que est\u00e9s empleando. Sigue las instrucciones facilitadas al efecto para los navegadores de uso m\u00e1s extendido:<\/p>\n\n\n\n<p><a rel=\"noreferrer noopener\" href=\"https:\/\/support.google.com\/chrome\/answer\/95647?hl=es\" target=\"_blank\">Google Chrome<\/a>&nbsp;\u2013&nbsp;<a rel=\"noreferrer noopener\" href=\"https:\/\/support.microsoft.com\/es-es\/help\/17442\/windows-internet-explorer-delete-manage-cookies\" target=\"_blank\">Internet Explorer<\/a>&nbsp;\u2013&nbsp;<a rel=\"noreferrer noopener\" href=\"https:\/\/support.mozilla.org\/es\/kb\/habilitar-y-deshabilitar-cookies-sitios-web-rastrear-preferencias?redirectlocale=es&amp;redirectslug=habilitar-y-deshabilitar-cookies-que-los-sitios-we\" target=\"_blank\">Mozilla Firefox<\/a>&nbsp;\u2013&nbsp;<a rel=\"noreferrer noopener\" href=\"https:\/\/support.apple.com\/es-es\/HT201265\" target=\"_blank\">Apple Safari<\/a>&nbsp;\u2013&nbsp;<a rel=\"noreferrer noopener\" href=\"https:\/\/help.opera.com\/en\/latest\/web-preferences\/#cookies\" target=\"_blank\">Opera<\/a><\/p>\n\n\n\n<p>Tambi\u00e9n puedes usar software de terceros de gesti\u00f3n de la privacidad y de cookies. Estas herramientas detectan las cookies en cada sitio que el usuario visita y permite gestionar su desactivaci\u00f3n. Puedes usar por ejemplo&nbsp;<a rel=\"noreferrer noopener\" href=\"https:\/\/www.ghostery.com\/\" target=\"_blank\">ghostery.com<\/a><\/p>\n\n\n\n<h3 class=\"wp-block-heading\"><strong>Informaci\u00f3n adicional sobre cookies<\/strong><\/h3>\n\n\n\n<p>Puedes ampliar informaci\u00f3n sobre cookies en la \u00ab<a rel=\"noreferrer noopener\" href=\"https:\/\/www.aepd.es\/sites\/default\/files\/2020-07\/guia-cookies.pdf\" target=\"_blank\">Gu\u00eda sobre el uso de las cookies<\/a>\u00bb elaborado por la Agencia Espa\u00f1ola de Protecci\u00f3n de Datos. Tambi\u00e9n en sitios web como los siguientes:<\/p>\n\n\n\n<ul class=\"wp-block-list\"><li><a href=\"https:\/\/es.wikipedia.org\/wiki\/Cookie_(inform%C3%A1tica)\" target=\"_blank\" rel=\"noreferrer noopener\">Cookie en Wikipedia<\/a><\/li><li><a rel=\"noreferrer noopener\" href=\"https:\/\/www.aboutcookies.org\/\" target=\"_blank\">aboutcookies.org<\/a><\/li><li><a rel=\"noreferrer noopener\" href=\"https:\/\/www.allaboutcookies.org\/\" target=\"_blank\">allaboutcookies.org<\/a><\/li><\/ul>\n\n\n\n<h3 class=\"wp-block-heading\"><strong>Actualizaci\u00f3n de la pol\u00edtica de cookies<\/strong><\/h3>\n\n\n\n<p>Esta pol\u00edtica se revisar\u00e1 y modificar\u00e1 para asegurar su vigencia y cumplir con la legislaci\u00f3n. Recomendamos que las visites con cierta regularidad para mantenerte informado al respecto.<\/p>\n\n\n\n<hr class=\"wp-block-separator\"\/>\n\n\n\n<p>\u00daltima actualizaci\u00f3n: 04\/05\/2021<\/p>\n","protected":false},"excerpt":{"rendered":"<p>\u00bfQu\u00e9 son las cookies? Una cookie es un archivo que se descarga en tu dispositivo (ordenador, m\u00f3vil, tablet\u2026) cuando accedes a una web. Contienen alg\u00fan tipo de informaci\u00f3n sobre ti, como usuario. Las cookies se utilizan con diversas finalidades, tales como guardar tus preferencias, h\u00e1bitos de navegaci\u00f3n, reconocer el usuario y evitar pedir de nuevo&#8230;<\/p>\n","protected":false},"author":2,"featured_media":0,"parent":0,"menu_order":0,"comment_status":"closed","ping_status":"closed","template":"","meta":{"_kad_post_transparent":"","_kad_post_title":"","_kad_post_layout":"","_kad_post_sidebar_id":"","_kad_post_content_style":"","_kad_post_vertical_padding":"","_kad_post_feature":"","_kad_post_feature_position":"","_kad_post_header":false,"_kad_post_footer":false,"_kad_post_classname":"","footnotes":""},"class_list":["post-248","page","type-page","status-publish","hentry"],"yoast_head":"<!-- This site is optimized with the Yoast SEO plugin v27.1 - https:\/\/yoast.com\/product\/yoast-seo-wordpress\/ -->\n<title>Pol\u00edtica de cookies - Comercial Frank Canarias<\/title>\n<meta name=\"robots\" content=\"index, follow, max-snippet:-1, max-image-preview:large, max-video-preview:-1\" \/>\n<link rel=\"canonical\" href=\"https:\/\/www.comercialfrankcanarias.com\/index.php\/politica-cookies\/\" \/>\n<meta property=\"og:locale\" content=\"es_ES\" \/>\n<meta property=\"og:type\" content=\"article\" \/>\n<meta property=\"og:title\" content=\"Pol\u00edtica de cookies - Comercial Frank Canarias\" \/>\n<meta property=\"og:description\" content=\"\u00bfQu\u00e9 son las cookies? Una cookie es un archivo que se descarga en tu dispositivo (ordenador, m\u00f3vil, tablet\u2026) cuando accedes a una web. Contienen alg\u00fan tipo de informaci\u00f3n sobre ti, como usuario. Las cookies se utilizan con diversas finalidades, tales como guardar tus preferencias, h\u00e1bitos de navegaci\u00f3n, reconocer el usuario y evitar pedir de nuevo...\" \/>\n<meta property=\"og:url\" content=\"https:\/\/www.comercialfrankcanarias.com\/index.php\/politica-cookies\/\" \/>\n<meta property=\"og:site_name\" content=\"Comercial Frank Canarias\" \/>\n<meta name=\"twitter:card\" content=\"summary_large_image\" \/>\n<meta name=\"twitter:label1\" content=\"Tiempo de lectura\" \/>\n\t<meta name=\"twitter:data1\" content=\"3 minutos\" \/>\n<script type=\"application\/ld+json\" class=\"yoast-schema-graph\">{\"@context\":\"https:\/\/schema.org\",\"@graph\":[{\"@type\":\"WebPage\",\"@id\":\"https:\/\/www.comercialfrankcanarias.com\/index.php\/politica-cookies\/\",\"url\":\"https:\/\/www.comercialfrankcanarias.com\/index.php\/politica-cookies\/\",\"name\":\"Pol\u00edtica de cookies - Comercial Frank Canarias\",\"isPartOf\":{\"@id\":\"https:\/\/www.comercialfrankcanarias.com\/#website\"},\"datePublished\":\"2021-05-04T12:25:38+00:00\",\"breadcrumb\":{\"@id\":\"https:\/\/www.comercialfrankcanarias.com\/index.php\/politica-cookies\/#breadcrumb\"},\"inLanguage\":\"es\",\"potentialAction\":[{\"@type\":\"ReadAction\",\"target\":[\"https:\/\/www.comercialfrankcanarias.com\/index.php\/politica-cookies\/\"]}]},{\"@type\":\"BreadcrumbList\",\"@id\":\"https:\/\/www.comercialfrankcanarias.com\/index.php\/politica-cookies\/#breadcrumb\",\"itemListElement\":[{\"@type\":\"ListItem\",\"position\":1,\"name\":\"Portada\",\"item\":\"https:\/\/www.comercialfrankcanarias.com\/\"},{\"@type\":\"ListItem\",\"position\":2,\"name\":\"Pol\u00edtica de cookies\"}]},{\"@type\":\"WebSite\",\"@id\":\"https:\/\/www.comercialfrankcanarias.com\/#website\",\"url\":\"https:\/\/www.comercialfrankcanarias.com\/\",\"name\":\"Comercial Frank Canarias\",\"description\":\"Proveedor de productos qu\u00edmicos para automoci\u00f3n:Lubricantes, anticongelantes, lavaparabrisas, hidraulicos, limpieza, etc.\",\"publisher\":{\"@id\":\"https:\/\/www.comercialfrankcanarias.com\/#organization\"},\"potentialAction\":[{\"@type\":\"SearchAction\",\"target\":{\"@type\":\"EntryPoint\",\"urlTemplate\":\"https:\/\/www.comercialfrankcanarias.com\/?s={search_term_string}\"},\"query-input\":{\"@type\":\"PropertyValueSpecification\",\"valueRequired\":true,\"valueName\":\"search_term_string\"}}],\"inLanguage\":\"es\"},{\"@type\":\"Organization\",\"@id\":\"https:\/\/www.comercialfrankcanarias.com\/#organization\",\"name\":\"Comercial Frank Canarias\",\"url\":\"https:\/\/www.comercialfrankcanarias.com\/\",\"logo\":{\"@type\":\"ImageObject\",\"inLanguage\":\"es\",\"@id\":\"https:\/\/www.comercialfrankcanarias.com\/#\/schema\/logo\/image\/\",\"url\":\"https:\/\/www.comercialfrankcanarias.com\/wp-content\/uploads\/2023\/05\/cropped-logo.jpg\",\"contentUrl\":\"https:\/\/www.comercialfrankcanarias.com\/wp-content\/uploads\/2023\/05\/cropped-logo.jpg\",\"width\":249,\"height\":223,\"caption\":\"Comercial Frank Canarias\"},\"image\":{\"@id\":\"https:\/\/www.comercialfrankcanarias.com\/#\/schema\/logo\/image\/\"}}]}<\/script>\n<!-- \/ Yoast SEO plugin. -->","yoast_head_json":{"title":"Pol\u00edtica de cookies - Comercial Frank Canarias","robots":{"index":"index","follow":"follow","max-snippet":"max-snippet:-1","max-image-preview":"max-image-preview:large","max-video-preview":"max-video-preview:-1"},"canonical":"https:\/\/www.comercialfrankcanarias.com\/index.php\/politica-cookies\/","og_locale":"es_ES","og_type":"article","og_title":"Pol\u00edtica de cookies - Comercial Frank Canarias","og_description":"\u00bfQu\u00e9 son las cookies? Una cookie es un archivo que se descarga en tu dispositivo (ordenador, m\u00f3vil, tablet\u2026) cuando accedes a una web. Contienen alg\u00fan tipo de informaci\u00f3n sobre ti, como usuario. Las cookies se utilizan con diversas finalidades, tales como guardar tus preferencias, h\u00e1bitos de navegaci\u00f3n, reconocer el usuario y evitar pedir de nuevo...","og_url":"https:\/\/www.comercialfrankcanarias.com\/index.php\/politica-cookies\/","og_site_name":"Comercial Frank Canarias","twitter_card":"summary_large_image","twitter_misc":{"Tiempo de lectura":"3 minutos"},"schema":{"@context":"https:\/\/schema.org","@graph":[{"@type":"WebPage","@id":"https:\/\/www.comercialfrankcanarias.com\/index.php\/politica-cookies\/","url":"https:\/\/www.comercialfrankcanarias.com\/index.php\/politica-cookies\/","name":"Pol\u00edtica de cookies - Comercial Frank Canarias","isPartOf":{"@id":"https:\/\/www.comercialfrankcanarias.com\/#website"},"datePublished":"2021-05-04T12:25:38+00:00","breadcrumb":{"@id":"https:\/\/www.comercialfrankcanarias.com\/index.php\/politica-cookies\/#breadcrumb"},"inLanguage":"es","potentialAction":[{"@type":"ReadAction","target":["https:\/\/www.comercialfrankcanarias.com\/index.php\/politica-cookies\/"]}]},{"@type":"BreadcrumbList","@id":"https:\/\/www.comercialfrankcanarias.com\/index.php\/politica-cookies\/#breadcrumb","itemListElement":[{"@type":"ListItem","position":1,"name":"Portada","item":"https:\/\/www.comercialfrankcanarias.com\/"},{"@type":"ListItem","position":2,"name":"Pol\u00edtica de cookies"}]},{"@type":"WebSite","@id":"https:\/\/www.comercialfrankcanarias.com\/#website","url":"https:\/\/www.comercialfrankcanarias.com\/","name":"Comercial Frank Canarias","description":"Proveedor de productos qu\u00edmicos para automoci\u00f3n:Lubricantes, anticongelantes, lavaparabrisas, hidraulicos, limpieza, etc.","publisher":{"@id":"https:\/\/www.comercialfrankcanarias.com\/#organization"},"potentialAction":[{"@type":"SearchAction","target":{"@type":"EntryPoint","urlTemplate":"https:\/\/www.comercialfrankcanarias.com\/?s={search_term_string}"},"query-input":{"@type":"PropertyValueSpecification","valueRequired":true,"valueName":"search_term_string"}}],"inLanguage":"es"},{"@type":"Organization","@id":"https:\/\/www.comercialfrankcanarias.com\/#organization","name":"Comercial Frank Canarias","url":"https:\/\/www.comercialfrankcanarias.com\/","logo":{"@type":"ImageObject","inLanguage":"es","@id":"https:\/\/www.comercialfrankcanarias.com\/#\/schema\/logo\/image\/","url":"https:\/\/www.comercialfrankcanarias.com\/wp-content\/uploads\/2023\/05\/cropped-logo.jpg","contentUrl":"https:\/\/www.comercialfrankcanarias.com\/wp-content\/uploads\/2023\/05\/cropped-logo.jpg","width":249,"height":223,"caption":"Comercial Frank Canarias"},"image":{"@id":"https:\/\/www.comercialfrankcanarias.com\/#\/schema\/logo\/image\/"}}]}},"_links":{"self":[{"href":"https:\/\/www.comercialfrankcanarias.com\/index.php\/wp-json\/wp\/v2\/pages\/248","targetHints":{"allow":["GET"]}}],"collection":[{"href":"https:\/\/www.comercialfrankcanarias.com\/index.php\/wp-json\/wp\/v2\/pages"}],"about":[{"href":"https:\/\/www.comercialfrankcanarias.com\/index.php\/wp-json\/wp\/v2\/types\/page"}],"author":[{"embeddable":true,"href":"https:\/\/www.comercialfrankcanarias.com\/index.php\/wp-json\/wp\/v2\/users\/2"}],"replies":[{"embeddable":true,"href":"https:\/\/www.comercialfrankcanarias.com\/index.php\/wp-json\/wp\/v2\/comments?post=248"}],"version-history":[{"count":1,"href":"https:\/\/www.comercialfrankcanarias.com\/index.php\/wp-json\/wp\/v2\/pages\/248\/revisions"}],"predecessor-version":[{"id":249,"href":"https:\/\/www.comercialfrankcanarias.com\/index.php\/wp-json\/wp\/v2\/pages\/248\/revisions\/249"}],"wp:attachment":[{"href":"https:\/\/www.comercialfrankcanarias.com\/index.php\/wp-json\/wp\/v2\/media?parent=248"}],"curies":[{"name":"wp","href":"https:\/\/api.w.org\/{rel}","templated":true}]}}