{"id":246,"date":"2021-05-04T12:21:54","date_gmt":"2021-05-04T12:21:54","guid":{"rendered":"https:\/\/www.comercialfrankcanarias.com\/?page_id=246"},"modified":"2021-05-04T12:31:41","modified_gmt":"2021-05-04T12:31:41","slug":"politica-privacidad","status":"publish","type":"page","link":"https:\/\/www.comercialfrankcanarias.com\/index.php\/politica-privacidad\/","title":{"rendered":"Pol\u00edtica de privacidad"},"content":{"rendered":"\n<p>Esta pol\u00edtica de privacidad establece c\u00f3mo se gestionan los datos personales recogidos en esta web, con que finalidad y quien es el responsable de su almacenamiento y custodia, entre otras cosas. Te recomendamos que la leas y aceptes antes de seguir navegando.<\/p>\n\n\n\n<figure class=\"wp-block-table\"><table><tbody><tr><td><strong>Responsable<\/strong><\/td><td>Francisco Jos\u00e9 Guiance del Pino<\/td><\/tr><tr><td><strong>Finalidad<\/strong><\/td><td>Atender las solicitudes realizadas a trav\u00e9s de la web y del correo indicado en la web<\/td><\/tr><tr><td><strong>Legitimaci\u00f3n<\/strong><\/td><td>Consentimiento del interesado<\/td><\/tr><tr><td><strong>Destinatarios<\/strong><\/td><td>No se ceder\u00e1n datos a terceros salvo obligaci\u00f3n legal o en el supuesto que sea necesario para atender su solicitud.<\/td><\/tr><tr><td><strong>Derechos<\/strong><\/td><td>Podr\u00e1 ejercer los derechos de acceso, rectificaci\u00f3n, supresi\u00f3n y oposici\u00f3n, limitaci\u00f3n del tratamiento, portabilidad de datos y a no ser objeto de decisiones individualizadas automatizadas.<\/td><\/tr><tr><td><strong>Informaci\u00f3n adicional<\/strong><\/td><td>Puede consultar la informaci\u00f3n adicional sobre protecci\u00f3n de datos en nuestra web.<\/td><\/tr><\/tbody><\/table><\/figure>\n\n\n\n<p>Francisco Jos\u00e9 Guiance del Pino se compromete a cumplir la legislaci\u00f3n vigente en cada momento en materia de tratamientos de datos de car\u00e1cter personal. De acuerdo a lo establecido en el RGPD, LSSICE y la Ley Org\u00e1nica 3\/2018, de 5 de diciembre, de Protecci\u00f3n de Datos Personales y garant\u00eda de los derechos digitales, informamos a los usuarios de los siguientes aspectos:<\/p>\n\n\n\n<h3 class=\"wp-block-heading\"><strong>Responsable del tratamiento de sus datos<\/strong><\/h3>\n\n\n\n<p>El responsable del tratamiento de sus datos es Francisco Jos\u00e9 Guiance del Pino, con NIF 42098239M y domicilio social en Camino San Miguel de Geneto 69A, CP 38296, San Crist\u00f3bal de La Laguna (Tenerife).<\/p>\n\n\n\n<h3 class=\"wp-block-heading\"><strong>Env\u00edo, registro y finalidad de tus datos personales<\/strong><\/h3>\n\n\n\n<p>El env\u00edo de datos de car\u00e1cter personal es obligatorio para contactar con el titular de esta web. Si no facilita los datos personales solicitados o no acepta la presente pol\u00edtica de privacidad, no podremos procesar las solicitudes y consultas realizadas en este portal.<\/p>\n\n\n\n<p>Este sitio web emplea diferentes sistemas de captura de informaci\u00f3n personal. Antes de recabar cualquier dato personal siempre se requerir\u00e1 el consentimiento previo del usuario.<\/p>\n\n\n\n<p>Todo usuario tendr\u00e1 derecho a revocar ese consentimiento previo en cualquier momento.<\/p>\n\n\n\n<p>Los sistemas utilizados en este portal para recabar datos personales son los siguientes:<\/p>\n\n\n\n<ul class=\"wp-block-list\"><li><strong>Formulario de contacto<\/strong>: para consultar, dudas o sugerencias sobre el portal, los contenidos y servicios ofertados. Se usar\u00e1 la direcci\u00f3n de correo electr\u00f3nico o tel\u00e9fono del usuario para responder a sus cuestiones y enviar la informaci\u00f3n requerida.<\/li><li><strong>Cookies<\/strong>: al navegar en esta web se almacenan cookies. Puede consultar en cualquier momento la\u00a0<a href=\"https:\/\/www.comercialfrankcanarias.com\/index.php\/politica-cookies\/\">pol\u00edtica de cookies<\/a>\u00a0para ampliar informaci\u00f3n sobre el tipo de cookies empleadas y como desactivarlas.<\/li><\/ul>\n\n\n\n<p>Los datos que se tratan son identificativos, tales como el nombre o apellidos, correo electr\u00f3nico, tel\u00e9fono de contacto. No se tratan categor\u00edas de datos especialmente protegidos.<\/p>\n\n\n\n<h3 class=\"wp-block-heading\"><strong>\u00bfCu\u00e1l es la legitimaci\u00f3n para el tratamiento de tus datos?<\/strong><\/h3>\n\n\n\n<p>La base legal para el tratamiento de sus datos es&nbsp;<strong>el consentimiento del usuario<\/strong>. Para contactar o realizar comentarios se requiere que el usuario consienta esta pol\u00edtica de privacidad.<\/p>\n\n\n\n<h3 class=\"wp-block-heading\"><strong>\u00bfPor cu\u00e1nto tiempo conservamos tus datos?<\/strong><\/h3>\n\n\n\n<p>Los datos para remitirle la informaci\u00f3n o prestarle el servicio que se solicite mediante los diversos formularios disponibles en nuestra web, se conservar\u00e1n mientras dure la relaci\u00f3n mercantil, y una vez finalizada por un m\u00e1ximo de 2 a\u00f1os desde la \u00faltima confirmaci\u00f3n de inter\u00e9s, o hasta que el usuario solicite su supresi\u00f3n.<\/p>\n\n\n\n<p>En cuanto al plazo de conservaci\u00f3n de las cookies, puede obtener m\u00e1s informaci\u00f3n en nuestra\u00a0<a href=\"https:\/\/www.comercialfrankcanarias.com\/index.php\/politica-cookies\/\">pol\u00edtica de cookies<\/a>.<\/p>\n\n\n\n<h3 class=\"wp-block-heading\"><strong>Servicios ofrecidos por terceros<\/strong><\/h3>\n\n\n\n<p>Usamos proveedores de servicios externos (como por ejemplo de alojamiento web).<\/p>\n\n\n\n<p>Tus datos personales podr\u00e1n ser comunicados a destinatarios ubicados en pa\u00edses fuera del Espacio Econ\u00f3mico Europeo, incluyendo pa\u00edses que no ofrecen un nivel de protecci\u00f3n en materia de datos personales equivalentes al de la Uni\u00f3n Europea. En tales casos los datos ser\u00e1n tratados cumpliendo con la legislaci\u00f3n europea y espa\u00f1ola.<\/p>\n\n\n\n<p>Este portal utiliza los siguientes servicios de proveedores externos:<\/p>\n\n\n\n<ul class=\"wp-block-list\"><li>DigitalOcean (hosting): la web se aloja en un servidor ubicado en Alemania. Esta empresa de hosting provee diversos mecanismos de seguridad. La navegaci\u00f3n por esta p\u00e1gina, entre el usuario y el servidor, se realiza mediante el protocolo SSL. Esto garantiza que la informaci\u00f3n viaje encriptada y de forma segura entre el navegador que use el usuario y el servidor en el que est\u00e1 alojado el sitio web.<\/li><\/ul>\n\n\n\n<h3 class=\"wp-block-heading\"><strong>\u00bfA qu\u00e9 destinatarios cedemos tus datos?<\/strong><\/h3>\n\n\n\n<p>No se ceder\u00e1n datos a terceros (exceptuando los proveedores externos descritos en el apartado anterior), salvo obligaci\u00f3n legal o en el supuesto que sea necesario para atender su solicitud.<\/p>\n\n\n\n<h3 class=\"wp-block-heading\"><strong>\u00bfQu\u00e9 derechos te asisten y como ejercitarlos?<\/strong><\/h3>\n\n\n\n<p>Cualquier usuario puede ejercer los siguientes derechos:<\/p>\n\n\n\n<ul class=\"wp-block-list\"><li>Acceder a tus datos personales<\/li><li>Rectificar tus datos si son inexactos o incompletos<\/li><li>Solicitar la supresi\u00f3n o cancelaci\u00f3n de tus datos si no son necesarios para los fines para los que fueron recogidos, o si retiras el consentimiento otorgado<\/li><li>Solicitar la limitaci\u00f3n del tratamiento de tus datos, cuando se de las condiciones previstas en la normativa<\/li><li>Pedir la portabilidad de tus datos, que ser\u00e1n facilitados en un formato estructurado, en los casos previstos en la normativa.<\/li><li>Revocar los consentimientos otorgados<\/li><\/ul>\n\n\n\n<p>En cualquier momento podr\u00e1s ejercitar tus derechos enviando un escrito indicando el derecho que deseas ejercitar, acompa\u00f1ado de un documento acreditativo de tu identidad (DNI o similar), direcci\u00f3n postal o electr\u00f3nica (a efectos de notificaci\u00f3n). Esta solicitud podr\u00e1s realizarla por correo electr\u00f3nico a:<\/p>\n\n\n\n<p><a href=\"mailto:comercialfrankte@gmail.com\">comercialfrankte@gmail.com<\/a><\/p>\n\n\n\n<p>O bien mediante correo postal a: Comercial Frank, Camino San Miguel de Geneto 69A, CP 38296, San Crist\u00f3bal de La Laguna (Tenerife).<\/p>\n\n\n\n<h3 class=\"wp-block-heading\"><strong>Cambios en la presente Pol\u00edtica de Privacidad<\/strong><\/h3>\n\n\n\n<p>El titular de este portal se reserva el derecho a modificar la presente pol\u00edtica para adaptarla a novedades legislativas, as\u00ed como a pr\u00e1cticas de la industria. Los cambios introducidos ser\u00e1n anunciados en esta misma p\u00e1gina con una antelaci\u00f3n razonable a su puesta en pr\u00e1ctica.<\/p>\n\n\n\n<h3 class=\"wp-block-heading\"><strong>Correos comerciales<\/strong><\/h3>\n\n\n\n<p>De acuerdo con la LSSICE, el titular de esta web no env\u00eda correos comerciales por v\u00eda electr\u00f3nica que no hayan sido previamente solicitados o autorizados por el usuario.<\/p>\n\n\n\n<hr class=\"wp-block-separator\"\/>\n\n\n\n<p>\u00daltima actualizaci\u00f3n: 04\/05\/2021<\/p>\n","protected":false},"excerpt":{"rendered":"<p>Esta pol\u00edtica de privacidad establece c\u00f3mo se gestionan los datos personales recogidos en esta web, con que finalidad y quien es el responsable de su almacenamiento y custodia, entre otras cosas. Te recomendamos que la leas y aceptes antes de seguir navegando. Responsable Francisco Jos\u00e9 Guiance del Pino Finalidad Atender las solicitudes realizadas a trav\u00e9s&#8230;<\/p>\n","protected":false},"author":2,"featured_media":0,"parent":0,"menu_order":0,"comment_status":"closed","ping_status":"closed","template":"","meta":{"_kad_post_transparent":"","_kad_post_title":"","_kad_post_layout":"","_kad_post_sidebar_id":"","_kad_post_content_style":"","_kad_post_vertical_padding":"","_kad_post_feature":"","_kad_post_feature_position":"","_kad_post_header":false,"_kad_post_footer":false,"_kad_post_classname":"","footnotes":""},"class_list":["post-246","page","type-page","status-publish","hentry"],"yoast_head":"<!-- This site is optimized with the Yoast SEO plugin v27.1 - https:\/\/yoast.com\/product\/yoast-seo-wordpress\/ -->\n<title>Pol\u00edtica de privacidad - Comercial Frank Canarias<\/title>\n<meta name=\"robots\" content=\"index, follow, max-snippet:-1, max-image-preview:large, max-video-preview:-1\" \/>\n<link rel=\"canonical\" href=\"https:\/\/www.comercialfrankcanarias.com\/index.php\/politica-privacidad\/\" \/>\n<meta property=\"og:locale\" content=\"es_ES\" \/>\n<meta property=\"og:type\" content=\"article\" \/>\n<meta property=\"og:title\" content=\"Pol\u00edtica de privacidad - Comercial Frank Canarias\" \/>\n<meta property=\"og:description\" content=\"Esta pol\u00edtica de privacidad establece c\u00f3mo se gestionan los datos personales recogidos en esta web, con que finalidad y quien es el responsable de su almacenamiento y custodia, entre otras cosas. Te recomendamos que la leas y aceptes antes de seguir navegando. Responsable Francisco Jos\u00e9 Guiance del Pino Finalidad Atender las solicitudes realizadas a trav\u00e9s...\" \/>\n<meta property=\"og:url\" content=\"https:\/\/www.comercialfrankcanarias.com\/index.php\/politica-privacidad\/\" \/>\n<meta property=\"og:site_name\" content=\"Comercial Frank Canarias\" \/>\n<meta property=\"article:modified_time\" content=\"2021-05-04T12:31:41+00:00\" \/>\n<meta name=\"twitter:card\" content=\"summary_large_image\" \/>\n<meta name=\"twitter:label1\" content=\"Tiempo de lectura\" \/>\n\t<meta name=\"twitter:data1\" content=\"5 minutos\" \/>\n<script type=\"application\/ld+json\" class=\"yoast-schema-graph\">{\"@context\":\"https:\/\/schema.org\",\"@graph\":[{\"@type\":\"WebPage\",\"@id\":\"https:\/\/www.comercialfrankcanarias.com\/index.php\/politica-privacidad\/\",\"url\":\"https:\/\/www.comercialfrankcanarias.com\/index.php\/politica-privacidad\/\",\"name\":\"Pol\u00edtica de privacidad - Comercial Frank Canarias\",\"isPartOf\":{\"@id\":\"https:\/\/www.comercialfrankcanarias.com\/#website\"},\"datePublished\":\"2021-05-04T12:21:54+00:00\",\"dateModified\":\"2021-05-04T12:31:41+00:00\",\"breadcrumb\":{\"@id\":\"https:\/\/www.comercialfrankcanarias.com\/index.php\/politica-privacidad\/#breadcrumb\"},\"inLanguage\":\"es\",\"potentialAction\":[{\"@type\":\"ReadAction\",\"target\":[\"https:\/\/www.comercialfrankcanarias.com\/index.php\/politica-privacidad\/\"]}]},{\"@type\":\"BreadcrumbList\",\"@id\":\"https:\/\/www.comercialfrankcanarias.com\/index.php\/politica-privacidad\/#breadcrumb\",\"itemListElement\":[{\"@type\":\"ListItem\",\"position\":1,\"name\":\"Portada\",\"item\":\"https:\/\/www.comercialfrankcanarias.com\/\"},{\"@type\":\"ListItem\",\"position\":2,\"name\":\"Pol\u00edtica de privacidad\"}]},{\"@type\":\"WebSite\",\"@id\":\"https:\/\/www.comercialfrankcanarias.com\/#website\",\"url\":\"https:\/\/www.comercialfrankcanarias.com\/\",\"name\":\"Comercial Frank Canarias\",\"description\":\"Proveedor de productos qu\u00edmicos para automoci\u00f3n:Lubricantes, anticongelantes, lavaparabrisas, hidraulicos, limpieza, etc.\",\"publisher\":{\"@id\":\"https:\/\/www.comercialfrankcanarias.com\/#organization\"},\"potentialAction\":[{\"@type\":\"SearchAction\",\"target\":{\"@type\":\"EntryPoint\",\"urlTemplate\":\"https:\/\/www.comercialfrankcanarias.com\/?s={search_term_string}\"},\"query-input\":{\"@type\":\"PropertyValueSpecification\",\"valueRequired\":true,\"valueName\":\"search_term_string\"}}],\"inLanguage\":\"es\"},{\"@type\":\"Organization\",\"@id\":\"https:\/\/www.comercialfrankcanarias.com\/#organization\",\"name\":\"Comercial Frank Canarias\",\"url\":\"https:\/\/www.comercialfrankcanarias.com\/\",\"logo\":{\"@type\":\"ImageObject\",\"inLanguage\":\"es\",\"@id\":\"https:\/\/www.comercialfrankcanarias.com\/#\/schema\/logo\/image\/\",\"url\":\"https:\/\/www.comercialfrankcanarias.com\/wp-content\/uploads\/2023\/05\/cropped-logo.jpg\",\"contentUrl\":\"https:\/\/www.comercialfrankcanarias.com\/wp-content\/uploads\/2023\/05\/cropped-logo.jpg\",\"width\":249,\"height\":223,\"caption\":\"Comercial Frank Canarias\"},\"image\":{\"@id\":\"https:\/\/www.comercialfrankcanarias.com\/#\/schema\/logo\/image\/\"}}]}<\/script>\n<!-- \/ Yoast SEO plugin. -->","yoast_head_json":{"title":"Pol\u00edtica de privacidad - Comercial Frank Canarias","robots":{"index":"index","follow":"follow","max-snippet":"max-snippet:-1","max-image-preview":"max-image-preview:large","max-video-preview":"max-video-preview:-1"},"canonical":"https:\/\/www.comercialfrankcanarias.com\/index.php\/politica-privacidad\/","og_locale":"es_ES","og_type":"article","og_title":"Pol\u00edtica de privacidad - Comercial Frank Canarias","og_description":"Esta pol\u00edtica de privacidad establece c\u00f3mo se gestionan los datos personales recogidos en esta web, con que finalidad y quien es el responsable de su almacenamiento y custodia, entre otras cosas. Te recomendamos que la leas y aceptes antes de seguir navegando. Responsable Francisco Jos\u00e9 Guiance del Pino Finalidad Atender las solicitudes realizadas a trav\u00e9s...","og_url":"https:\/\/www.comercialfrankcanarias.com\/index.php\/politica-privacidad\/","og_site_name":"Comercial Frank Canarias","article_modified_time":"2021-05-04T12:31:41+00:00","twitter_card":"summary_large_image","twitter_misc":{"Tiempo de lectura":"5 minutos"},"schema":{"@context":"https:\/\/schema.org","@graph":[{"@type":"WebPage","@id":"https:\/\/www.comercialfrankcanarias.com\/index.php\/politica-privacidad\/","url":"https:\/\/www.comercialfrankcanarias.com\/index.php\/politica-privacidad\/","name":"Pol\u00edtica de privacidad - Comercial Frank Canarias","isPartOf":{"@id":"https:\/\/www.comercialfrankcanarias.com\/#website"},"datePublished":"2021-05-04T12:21:54+00:00","dateModified":"2021-05-04T12:31:41+00:00","breadcrumb":{"@id":"https:\/\/www.comercialfrankcanarias.com\/index.php\/politica-privacidad\/#breadcrumb"},"inLanguage":"es","potentialAction":[{"@type":"ReadAction","target":["https:\/\/www.comercialfrankcanarias.com\/index.php\/politica-privacidad\/"]}]},{"@type":"BreadcrumbList","@id":"https:\/\/www.comercialfrankcanarias.com\/index.php\/politica-privacidad\/#breadcrumb","itemListElement":[{"@type":"ListItem","position":1,"name":"Portada","item":"https:\/\/www.comercialfrankcanarias.com\/"},{"@type":"ListItem","position":2,"name":"Pol\u00edtica de privacidad"}]},{"@type":"WebSite","@id":"https:\/\/www.comercialfrankcanarias.com\/#website","url":"https:\/\/www.comercialfrankcanarias.com\/","name":"Comercial Frank Canarias","description":"Proveedor de productos qu\u00edmicos para automoci\u00f3n:Lubricantes, anticongelantes, lavaparabrisas, hidraulicos, limpieza, etc.","publisher":{"@id":"https:\/\/www.comercialfrankcanarias.com\/#organization"},"potentialAction":[{"@type":"SearchAction","target":{"@type":"EntryPoint","urlTemplate":"https:\/\/www.comercialfrankcanarias.com\/?s={search_term_string}"},"query-input":{"@type":"PropertyValueSpecification","valueRequired":true,"valueName":"search_term_string"}}],"inLanguage":"es"},{"@type":"Organization","@id":"https:\/\/www.comercialfrankcanarias.com\/#organization","name":"Comercial Frank Canarias","url":"https:\/\/www.comercialfrankcanarias.com\/","logo":{"@type":"ImageObject","inLanguage":"es","@id":"https:\/\/www.comercialfrankcanarias.com\/#\/schema\/logo\/image\/","url":"https:\/\/www.comercialfrankcanarias.com\/wp-content\/uploads\/2023\/05\/cropped-logo.jpg","contentUrl":"https:\/\/www.comercialfrankcanarias.com\/wp-content\/uploads\/2023\/05\/cropped-logo.jpg","width":249,"height":223,"caption":"Comercial Frank Canarias"},"image":{"@id":"https:\/\/www.comercialfrankcanarias.com\/#\/schema\/logo\/image\/"}}]}},"_links":{"self":[{"href":"https:\/\/www.comercialfrankcanarias.com\/index.php\/wp-json\/wp\/v2\/pages\/246","targetHints":{"allow":["GET"]}}],"collection":[{"href":"https:\/\/www.comercialfrankcanarias.com\/index.php\/wp-json\/wp\/v2\/pages"}],"about":[{"href":"https:\/\/www.comercialfrankcanarias.com\/index.php\/wp-json\/wp\/v2\/types\/page"}],"author":[{"embeddable":true,"href":"https:\/\/www.comercialfrankcanarias.com\/index.php\/wp-json\/wp\/v2\/users\/2"}],"replies":[{"embeddable":true,"href":"https:\/\/www.comercialfrankcanarias.com\/index.php\/wp-json\/wp\/v2\/comments?post=246"}],"version-history":[{"count":2,"href":"https:\/\/www.comercialfrankcanarias.com\/index.php\/wp-json\/wp\/v2\/pages\/246\/revisions"}],"predecessor-version":[{"id":254,"href":"https:\/\/www.comercialfrankcanarias.com\/index.php\/wp-json\/wp\/v2\/pages\/246\/revisions\/254"}],"wp:attachment":[{"href":"https:\/\/www.comercialfrankcanarias.com\/index.php\/wp-json\/wp\/v2\/media?parent=246"}],"curies":[{"name":"wp","href":"https:\/\/api.w.org\/{rel}","templated":true}]}}