{"id":244,"date":"2021-05-04T12:08:37","date_gmt":"2021-05-04T12:08:37","guid":{"rendered":"https:\/\/www.comercialfrankcanarias.com\/?page_id=244"},"modified":"2021-05-04T12:30:57","modified_gmt":"2021-05-04T12:30:57","slug":"aviso-legal","status":"publish","type":"page","link":"https:\/\/www.comercialfrankcanarias.com\/index.php\/aviso-legal\/","title":{"rendered":"Aviso legal"},"content":{"rendered":"\n<h3 class=\"wp-block-heading\"><strong>Titularidad y responsable legal de esta web<\/strong><\/h3>\n\n\n\n<p>En cumplimiento de la Ley 34\/2002, de 11 de julio, de servicios de la sociedad de la informaci\u00f3n y de comercio electr\u00f3nico, se informa que este sitio web es titularidad de Francisco Jos\u00e9 Guiance del Pino, con NIF 42098239M y domicilio social en Camino San Miguel de Geneto 69A, CP 38296, San Crist\u00f3bal de La Laguna (Tenerife), siendo su actividad social la distribuci\u00f3n y comercializaci\u00f3n de productos para bazares, librer\u00edas y otros comercios minoristas.<\/p>\n\n\n\n<h3 class=\"wp-block-heading\"><strong>Objeto y aceptaci\u00f3n<\/strong><\/h3>\n\n\n\n<p>Las presentes Condiciones Generales regulan el uso del sitio web comercialfrankcanarias.com, incluidos los contenidos y servicios dispuestos en el.<\/p>\n\n\n\n<p>Toda persona que acceda y use este portal&nbsp;se le atribuye la condici\u00f3n de \u00ab<strong>Usuario\u00bb<\/strong>, que acepta las Condiciones Generales aqu\u00ed reflejadas en cada momento en que acceda a esta web.<\/p>\n\n\n\n<p>El titular del portal se reserva el derecho de modificar, sin necesidad de previo aviso, las presentes Condiciones Generales, as\u00ed como la presentaci\u00f3n y configuraci\u00f3n del sitio web.<\/p>\n\n\n\n<h3 class=\"wp-block-heading\"><strong>Uso del portal<\/strong><\/h3>\n\n\n\n<p>El acceso al sitio web y sus servicios es libre y gratuito, si bien algunas partes pueden estar condicionadas al env\u00edo de formularios de recogida de datos.<\/p>\n\n\n\n<p>El Usuario garantiza la autenticidad y actualidad de todos aquellos datos que comunique, y consiente el uso de los mismos para podernos poner en contacto con el. Para poder cursar una solicitud el Usuario deber\u00e1 facilitar toda la informaci\u00f3n que necesitamos. Al enviar datos mediante los formularios, el Usuario garantiza que es mayor de 18 a\u00f1os y tiene capacidad legal para celebrar contratos vinculantes.<\/p>\n\n\n\n<p>El contenido desarrollado es responsabilidad del titular de este sitio web, quien posee la titularidad de todos los derechos aplicables sobre los mismos.<\/p>\n\n\n\n<p>El Usuario se compromete a hacer un uso adecuado de los contenidos y servicios ofrecidos, sin incurrir en ninguna mala conducta que pueda da\u00f1ar la imagen o los intereses tanto del propio sitio web como de terceros, as\u00ed como inutilizar o sobrecargar el sitio web, o impedir de cualquier forma la utilizaci\u00f3n del portal a otros Usuarios.<\/p>\n\n\n\n<p>El Usuario queda informado, y acepta, que el acceso al presente portal no supone el inicio de una relaci\u00f3n comercial con el titular de la web.<\/p>\n\n\n\n<p>El usuario podr\u00e1 publicar comentarios en aquellos art\u00edculos y p\u00e1ginas que as\u00ed lo permitan. Los datos personales recogidos en el formulario de comentarios ser\u00e1n utilizados exclusivamente para publicarlos, moderarlos y contestarlos. El titular del sitio web no se responsabiliza de las opiniones vertidas por terceros,&nbsp;y se reserva los derechos de borrar los comentarios que pudieran resultar ofensivos o inadecuados.<\/p>\n\n\n\n<h3 class=\"wp-block-heading\"><strong>Contenidos<\/strong><\/h3>\n\n\n\n<p>La informaci\u00f3n que se difunde en este portal se hace \u00fanica y exclusivamente a t\u00edtulo informativo, reserv\u00e1ndose el titular del sitio web el derecho de eliminar o suspender su difusi\u00f3n, total o parcialmente, y a modificar la estructura y contenido de este sitio web sin aviso previo. El titular no responder\u00e1 de los da\u00f1os o perjuicios causados por decisiones tomadas en base a la informaci\u00f3n difundida, ni de inexactitudes, omisiones o errores contenidos en el mismo, ni de los problemas que se originen por el uso de este sitio web u otro de conexi\u00f3n externa.<\/p>\n\n\n\n<h3 class=\"wp-block-heading\"><strong>Enlaces a otros sitios web<\/strong><\/h3>\n\n\n\n<p>Si se dispusieran enlaces hacia otros sitios de internet, el titular del sitio web no ejercer\u00e1 ning\u00fan tipo de control sobre dichos sitios y contenidos. El titular no asumir\u00e1 responsabilidad alguna por los contenidos de un sitio web ajeno, ni por las pol\u00edticas de privacidad de dichos sitios ni las cookies que estos pudieran almacenar.<\/p>\n\n\n\n<h3 class=\"wp-block-heading\"><strong>Propiedad Intelectual e Industrial<\/strong><\/h3>\n\n\n\n<p>Todos los contenidos integrantes del sitio web, como textos, fotograf\u00edas, gr\u00e1ficos, tecnolog\u00eda, software, ordenaci\u00f3n y presentaci\u00f3n de los contenidos, y c\u00f3digos fuente, est\u00e1n protegidos por marcas, derechos de autor y otros derechos leg\u00edtimos registrados. No se cede ning\u00fan derecho de propiedad intelectual, industrial o de explotaci\u00f3n sobre los contenidos al Usuario.<\/p>\n\n\n\n<p>Queda expresamente prohibidos al Usuario la reproducci\u00f3n, transformaci\u00f3n, distribuci\u00f3n, cesi\u00f3n o comunicaci\u00f3n p\u00fablica, por cualquier medio o procedimiento, de cualquiera de los contenidos, salvo en los casos en que est\u00e9 legalmente permitido o haya sido expresamente autorizado por el&nbsp;titular de los correspondientes derechos.<\/p>\n\n\n\n<h3 class=\"wp-block-heading\"><strong>Pol\u00edtica de protecci\u00f3n de datos<\/strong><\/h3>\n\n\n\n<p>El titular del presente sitio web se compromete a utilizar los datos facilitados de forma confidencial y de acuerdo a la finalidad con la que fueron recabados, as\u00ed como dar cumplimiento a la obligaci\u00f3n de guardarlos y adaptar las medidas para evitar la alteraci\u00f3n, p\u00e9rdida, tratamiento o acceso no autorizado, de conformidad con lo dispuesto en el Reglamento UE 2016\/679, del Parlamento Europeo y del Consejo de 27 de abril de 2016. (RGPD) y la Ley Org\u00e1nica 3\/2018, de 5 de diciembre, de Protecci\u00f3n de Datos Personales y garant\u00eda de los derechos digitales.<\/p>\n\n\n\n<p>Para ampliar informaci\u00f3n sobre la pol\u00edtica de protecci\u00f3n de datos y derechos, consulte nuestra\u00a0<a href=\"https:\/\/www.comercialfrankcanarias.com\/index.php\/politica-privacidad\/\">pol\u00edtica de privacidad<\/a>.<\/p>\n\n\n\n<h3 class=\"wp-block-heading\"><strong>Pol\u00edtica de cookies<\/strong><\/h3>\n\n\n\n<p>El presente sitio web instala cookies en el dispositivo del Usuario. Para conocer m\u00e1s sobre las cookies empleadas acuda a nuestra\u00a0<a href=\"https:\/\/www.comercialfrankcanarias.com\/index.php\/politica-cookies\/\">pol\u00edtica de cookies<\/a>.<\/p>\n\n\n\n<h3 class=\"wp-block-heading\"><strong>Copyright<\/strong><\/h3>\n\n\n\n<p>Este portal tiene copyright de Francisco Jos\u00e9 Guiance del Pino y todos los derechos reservados. Si quieres emplear alguno de los contenidos puedes solicitarlo a trav\u00e9s del correo electr\u00f3nico que aparece en Direcciones de contacto.<\/p>\n\n\n\n<p>El titular del sitio web respeta los derechos de autor. Si por error se ha introducido en este portal alg\u00fan elemento sujeto a derechos de autor, puede enviar un correo electr\u00f3nico a la direcci\u00f3n que aparece en Direcciones de Contacto, adjuntando prueba de derecho de autor. Tras verificarlo lo retiraremos o, a su elecci\u00f3n, acreditaremos la obra.<\/p>\n\n\n\n<h3 class=\"wp-block-heading\"><strong>Ley aplicable y jurisdicci\u00f3n<\/strong><\/h3>\n\n\n\n<p>Estas condiciones se rigen por la ley espa\u00f1ola.<\/p>\n\n\n\n<p>Las partes (Francisco Jos\u00e9 Guiance del Pino&nbsp;y el Usuario) acuerdan someterse, a su elecci\u00f3n, para la resoluci\u00f3n de los conflictos y con renuncia a cualquier otro fuero, a los juzgados y tribunales del domicilio del usuario.<\/p>\n\n\n\n<h3 class=\"wp-block-heading\"><strong>Direcciones de contacto<\/strong><\/h3>\n\n\n\n<p>Su tuvieses alguna duda o comentario sobre las Condiciones Generales de este portal, puedes enviarnos un correo electr\u00f3nico a la siguiente direcci\u00f3n:<\/p>\n\n\n\n<p><a href=\"mailto:comercialfrankte@gmail.com\">comercialfrankte@gmail.com<\/a><\/p>\n\n\n\n<hr class=\"wp-block-separator\"\/>\n\n\n\n<p>\u00daltima actualizaci\u00f3n: 04\/05\/2021<\/p>\n","protected":false},"excerpt":{"rendered":"<p>Titularidad y responsable legal de esta web En cumplimiento de la Ley 34\/2002, de 11 de julio, de servicios de la sociedad de la informaci\u00f3n y de comercio electr\u00f3nico, se informa que este sitio web es titularidad de Francisco Jos\u00e9 Guiance del Pino, con NIF 42098239M y domicilio social en Camino San Miguel de Geneto&#8230;<\/p>\n","protected":false},"author":2,"featured_media":0,"parent":0,"menu_order":0,"comment_status":"closed","ping_status":"closed","template":"","meta":{"_kad_post_transparent":"","_kad_post_title":"","_kad_post_layout":"","_kad_post_sidebar_id":"","_kad_post_content_style":"","_kad_post_vertical_padding":"","_kad_post_feature":"","_kad_post_feature_position":"","_kad_post_header":false,"_kad_post_footer":false,"_kad_post_classname":"","footnotes":""},"class_list":["post-244","page","type-page","status-publish","hentry"],"yoast_head":"<!-- This site is optimized with the Yoast SEO plugin v27.1 - https:\/\/yoast.com\/product\/yoast-seo-wordpress\/ -->\n<title>Aviso legal - Comercial Frank Canarias<\/title>\n<meta name=\"robots\" content=\"index, follow, max-snippet:-1, max-image-preview:large, max-video-preview:-1\" \/>\n<link rel=\"canonical\" href=\"https:\/\/www.comercialfrankcanarias.com\/index.php\/aviso-legal\/\" \/>\n<meta property=\"og:locale\" content=\"es_ES\" \/>\n<meta property=\"og:type\" content=\"article\" \/>\n<meta property=\"og:title\" content=\"Aviso legal - Comercial Frank Canarias\" \/>\n<meta property=\"og:description\" content=\"Titularidad y responsable legal de esta web En cumplimiento de la Ley 34\/2002, de 11 de julio, de servicios de la sociedad de la informaci\u00f3n y de comercio electr\u00f3nico, se informa que este sitio web es titularidad de Francisco Jos\u00e9 Guiance del Pino, con NIF 42098239M y domicilio social en Camino San Miguel de Geneto...\" \/>\n<meta property=\"og:url\" content=\"https:\/\/www.comercialfrankcanarias.com\/index.php\/aviso-legal\/\" \/>\n<meta property=\"og:site_name\" content=\"Comercial Frank Canarias\" \/>\n<meta property=\"article:modified_time\" content=\"2021-05-04T12:30:57+00:00\" \/>\n<meta name=\"twitter:card\" content=\"summary_large_image\" \/>\n<meta name=\"twitter:label1\" content=\"Tiempo de lectura\" \/>\n\t<meta name=\"twitter:data1\" content=\"5 minutos\" \/>\n<script type=\"application\/ld+json\" class=\"yoast-schema-graph\">{\"@context\":\"https:\/\/schema.org\",\"@graph\":[{\"@type\":\"WebPage\",\"@id\":\"https:\/\/www.comercialfrankcanarias.com\/index.php\/aviso-legal\/\",\"url\":\"https:\/\/www.comercialfrankcanarias.com\/index.php\/aviso-legal\/\",\"name\":\"Aviso legal - Comercial Frank Canarias\",\"isPartOf\":{\"@id\":\"https:\/\/www.comercialfrankcanarias.com\/#website\"},\"datePublished\":\"2021-05-04T12:08:37+00:00\",\"dateModified\":\"2021-05-04T12:30:57+00:00\",\"breadcrumb\":{\"@id\":\"https:\/\/www.comercialfrankcanarias.com\/index.php\/aviso-legal\/#breadcrumb\"},\"inLanguage\":\"es\",\"potentialAction\":[{\"@type\":\"ReadAction\",\"target\":[\"https:\/\/www.comercialfrankcanarias.com\/index.php\/aviso-legal\/\"]}]},{\"@type\":\"BreadcrumbList\",\"@id\":\"https:\/\/www.comercialfrankcanarias.com\/index.php\/aviso-legal\/#breadcrumb\",\"itemListElement\":[{\"@type\":\"ListItem\",\"position\":1,\"name\":\"Portada\",\"item\":\"https:\/\/www.comercialfrankcanarias.com\/\"},{\"@type\":\"ListItem\",\"position\":2,\"name\":\"Aviso legal\"}]},{\"@type\":\"WebSite\",\"@id\":\"https:\/\/www.comercialfrankcanarias.com\/#website\",\"url\":\"https:\/\/www.comercialfrankcanarias.com\/\",\"name\":\"Comercial Frank Canarias\",\"description\":\"Proveedor de productos qu\u00edmicos para automoci\u00f3n:Lubricantes, anticongelantes, lavaparabrisas, hidraulicos, limpieza, etc.\",\"publisher\":{\"@id\":\"https:\/\/www.comercialfrankcanarias.com\/#organization\"},\"potentialAction\":[{\"@type\":\"SearchAction\",\"target\":{\"@type\":\"EntryPoint\",\"urlTemplate\":\"https:\/\/www.comercialfrankcanarias.com\/?s={search_term_string}\"},\"query-input\":{\"@type\":\"PropertyValueSpecification\",\"valueRequired\":true,\"valueName\":\"search_term_string\"}}],\"inLanguage\":\"es\"},{\"@type\":\"Organization\",\"@id\":\"https:\/\/www.comercialfrankcanarias.com\/#organization\",\"name\":\"Comercial Frank Canarias\",\"url\":\"https:\/\/www.comercialfrankcanarias.com\/\",\"logo\":{\"@type\":\"ImageObject\",\"inLanguage\":\"es\",\"@id\":\"https:\/\/www.comercialfrankcanarias.com\/#\/schema\/logo\/image\/\",\"url\":\"https:\/\/www.comercialfrankcanarias.com\/wp-content\/uploads\/2023\/05\/cropped-logo.jpg\",\"contentUrl\":\"https:\/\/www.comercialfrankcanarias.com\/wp-content\/uploads\/2023\/05\/cropped-logo.jpg\",\"width\":249,\"height\":223,\"caption\":\"Comercial Frank Canarias\"},\"image\":{\"@id\":\"https:\/\/www.comercialfrankcanarias.com\/#\/schema\/logo\/image\/\"}}]}<\/script>\n<!-- \/ Yoast SEO plugin. -->","yoast_head_json":{"title":"Aviso legal - Comercial Frank Canarias","robots":{"index":"index","follow":"follow","max-snippet":"max-snippet:-1","max-image-preview":"max-image-preview:large","max-video-preview":"max-video-preview:-1"},"canonical":"https:\/\/www.comercialfrankcanarias.com\/index.php\/aviso-legal\/","og_locale":"es_ES","og_type":"article","og_title":"Aviso legal - Comercial Frank Canarias","og_description":"Titularidad y responsable legal de esta web En cumplimiento de la Ley 34\/2002, de 11 de julio, de servicios de la sociedad de la informaci\u00f3n y de comercio electr\u00f3nico, se informa que este sitio web es titularidad de Francisco Jos\u00e9 Guiance del Pino, con NIF 42098239M y domicilio social en Camino San Miguel de Geneto...","og_url":"https:\/\/www.comercialfrankcanarias.com\/index.php\/aviso-legal\/","og_site_name":"Comercial Frank Canarias","article_modified_time":"2021-05-04T12:30:57+00:00","twitter_card":"summary_large_image","twitter_misc":{"Tiempo de lectura":"5 minutos"},"schema":{"@context":"https:\/\/schema.org","@graph":[{"@type":"WebPage","@id":"https:\/\/www.comercialfrankcanarias.com\/index.php\/aviso-legal\/","url":"https:\/\/www.comercialfrankcanarias.com\/index.php\/aviso-legal\/","name":"Aviso legal - Comercial Frank Canarias","isPartOf":{"@id":"https:\/\/www.comercialfrankcanarias.com\/#website"},"datePublished":"2021-05-04T12:08:37+00:00","dateModified":"2021-05-04T12:30:57+00:00","breadcrumb":{"@id":"https:\/\/www.comercialfrankcanarias.com\/index.php\/aviso-legal\/#breadcrumb"},"inLanguage":"es","potentialAction":[{"@type":"ReadAction","target":["https:\/\/www.comercialfrankcanarias.com\/index.php\/aviso-legal\/"]}]},{"@type":"BreadcrumbList","@id":"https:\/\/www.comercialfrankcanarias.com\/index.php\/aviso-legal\/#breadcrumb","itemListElement":[{"@type":"ListItem","position":1,"name":"Portada","item":"https:\/\/www.comercialfrankcanarias.com\/"},{"@type":"ListItem","position":2,"name":"Aviso legal"}]},{"@type":"WebSite","@id":"https:\/\/www.comercialfrankcanarias.com\/#website","url":"https:\/\/www.comercialfrankcanarias.com\/","name":"Comercial Frank Canarias","description":"Proveedor de productos qu\u00edmicos para automoci\u00f3n:Lubricantes, anticongelantes, lavaparabrisas, hidraulicos, limpieza, etc.","publisher":{"@id":"https:\/\/www.comercialfrankcanarias.com\/#organization"},"potentialAction":[{"@type":"SearchAction","target":{"@type":"EntryPoint","urlTemplate":"https:\/\/www.comercialfrankcanarias.com\/?s={search_term_string}"},"query-input":{"@type":"PropertyValueSpecification","valueRequired":true,"valueName":"search_term_string"}}],"inLanguage":"es"},{"@type":"Organization","@id":"https:\/\/www.comercialfrankcanarias.com\/#organization","name":"Comercial Frank Canarias","url":"https:\/\/www.comercialfrankcanarias.com\/","logo":{"@type":"ImageObject","inLanguage":"es","@id":"https:\/\/www.comercialfrankcanarias.com\/#\/schema\/logo\/image\/","url":"https:\/\/www.comercialfrankcanarias.com\/wp-content\/uploads\/2023\/05\/cropped-logo.jpg","contentUrl":"https:\/\/www.comercialfrankcanarias.com\/wp-content\/uploads\/2023\/05\/cropped-logo.jpg","width":249,"height":223,"caption":"Comercial Frank Canarias"},"image":{"@id":"https:\/\/www.comercialfrankcanarias.com\/#\/schema\/logo\/image\/"}}]}},"_links":{"self":[{"href":"https:\/\/www.comercialfrankcanarias.com\/index.php\/wp-json\/wp\/v2\/pages\/244","targetHints":{"allow":["GET"]}}],"collection":[{"href":"https:\/\/www.comercialfrankcanarias.com\/index.php\/wp-json\/wp\/v2\/pages"}],"about":[{"href":"https:\/\/www.comercialfrankcanarias.com\/index.php\/wp-json\/wp\/v2\/types\/page"}],"author":[{"embeddable":true,"href":"https:\/\/www.comercialfrankcanarias.com\/index.php\/wp-json\/wp\/v2\/users\/2"}],"replies":[{"embeddable":true,"href":"https:\/\/www.comercialfrankcanarias.com\/index.php\/wp-json\/wp\/v2\/comments?post=244"}],"version-history":[{"count":2,"href":"https:\/\/www.comercialfrankcanarias.com\/index.php\/wp-json\/wp\/v2\/pages\/244\/revisions"}],"predecessor-version":[{"id":253,"href":"https:\/\/www.comercialfrankcanarias.com\/index.php\/wp-json\/wp\/v2\/pages\/244\/revisions\/253"}],"wp:attachment":[{"href":"https:\/\/www.comercialfrankcanarias.com\/index.php\/wp-json\/wp\/v2\/media?parent=244"}],"curies":[{"name":"wp","href":"https:\/\/api.w.org\/{rel}","templated":true}]}}