{"id":2349,"date":"2024-07-10T09:32:01","date_gmt":"2024-07-10T09:32:01","guid":{"rendered":"https:\/\/www.comercialfrankcanarias.com\/?page_id=2349"},"modified":"2025-08-14T08:40:45","modified_gmt":"2025-08-14T08:40:45","slug":"automocion-comercial-frank","status":"publish","type":"page","link":"https:\/\/www.comercialfrankcanarias.com\/index.php\/automocion-comercial-frank\/","title":{"rendered":"Automoci\u00f3n Comercial Frank"},"content":{"rendered":"\n<div class=\"wp-block-cover alignfull is-light\" style=\"min-height:550px;aspect-ratio:unset;\"><span aria-hidden=\"true\" class=\"wp-block-cover__background has-background-dim-0 has-background-dim\"><\/span><img loading=\"lazy\" decoding=\"async\" width=\"1920\" height=\"540\" class=\"wp-block-cover__image-background wp-image-2305\" alt=\"\" src=\"https:\/\/www.comercialfrankcanarias.com\/wp-content\/uploads\/2024\/06\/Automocion.png\" data-object-fit=\"cover\" srcset=\"https:\/\/www.comercialfrankcanarias.com\/wp-content\/uploads\/2024\/06\/Automocion.png 1920w, https:\/\/www.comercialfrankcanarias.com\/wp-content\/uploads\/2024\/06\/Automocion-600x169.png 600w, https:\/\/www.comercialfrankcanarias.com\/wp-content\/uploads\/2024\/06\/Automocion-768x216.png 768w, https:\/\/www.comercialfrankcanarias.com\/wp-content\/uploads\/2024\/06\/Automocion-1536x432.png 1536w\" sizes=\"auto, (max-width: 1920px) 100vw, 1920px\" \/><div class=\"wp-block-cover__inner-container is-layout-flow wp-block-cover-is-layout-flow\">\n<p class=\"has-text-align-center\" style=\"font-size:60px\"><strong>A<\/strong>UTOMOCI\u00d3N<\/p>\n<\/div><\/div>\n\n\n\n<h2 class=\"wp-block-heading has-text-align-center\" style=\"font-size:40px\">Cat\u00e1logos<\/h2>\n\n\n\n<div class=\"wp-block-columns is-layout-flex wp-container-core-columns-is-layout-9d6595d7 wp-block-columns-is-layout-flex\">\n<div class=\"wp-block-column is-layout-flow wp-block-column-is-layout-flow\">\n<div class=\"wp-block-buttons is-content-justification-center is-layout-flex wp-container-core-buttons-is-layout-16018d1d wp-block-buttons-is-layout-flex\">\n<div class=\"wp-block-button has-custom-width wp-block-button__width-50\"><a class=\"wp-block-button__link has-theme-palette-3-background-color has-background wp-element-button\" href=\"https:\/\/www.comercialfrankcanarias.com\/wp-content\/uploads\/2025\/08\/SIN-PRECIO-Catalogo-Automocion-2025.pdf\" style=\"border-radius:4px;padding-top:15px;padding-right:15px;padding-bottom:15px;padding-left:15px\" target=\"_blank\" rel=\"noreferrer noopener\">Automoci\u00f3n<\/a><\/div>\n<\/div>\n<\/div>\n\n\n\n<div class=\"wp-block-column is-layout-flow wp-block-column-is-layout-flow\">\n<div class=\"wp-block-buttons is-content-justification-center is-layout-flex wp-container-core-buttons-is-layout-16018d1d wp-block-buttons-is-layout-flex\">\n<div class=\"wp-block-button has-custom-width wp-block-button__width-50\"><a class=\"wp-block-button__link has-theme-palette-3-background-color has-background wp-element-button\" href=\"https:\/\/www.comercialfrankcanarias.com\/wp-content\/uploads\/2025\/01\/SIN-PRECIO-Catalogo-Filtros.pdf\" style=\"border-radius:4px;padding-top:15px;padding-right:15px;padding-bottom:15px;padding-left:15px\" target=\"_blank\" rel=\"noreferrer noopener\">Filtros de aceite<\/a><\/div>\n<\/div>\n<\/div>\n<\/div>\n\n\n\n<div style=\"height:50px\" aria-hidden=\"true\" class=\"wp-block-spacer\"><\/div>\n\n\n\n<figure class=\"wp-block-embed aligncenter is-type-video is-provider-youtube wp-block-embed-youtube wp-embed-aspect-16-9 wp-has-aspect-ratio\"><div class=\"wp-block-embed__wrapper\">\n<iframe loading=\"lazy\" title=\"Comercial Frank Petroline\" width=\"720\" height=\"405\" src=\"https:\/\/www.youtube.com\/embed\/9Fh5nnYv9m0?feature=oembed\" frameborder=\"0\" allow=\"accelerometer; autoplay; clipboard-write; encrypted-media; gyroscope; picture-in-picture; web-share\" referrerpolicy=\"strict-origin-when-cross-origin\" allowfullscreen><\/iframe>\n<\/div><\/figure>\n\n\n\n<div style=\"height:100px\" aria-hidden=\"true\" class=\"wp-block-spacer\"><\/div>\n\n\n\n<div class=\"wp-block-columns are-vertically-aligned-center is-layout-flex wp-container-core-columns-is-layout-9d6595d7 wp-block-columns-is-layout-flex\">\n<div class=\"wp-block-column is-vertically-aligned-center is-layout-flow wp-block-column-is-layout-flow\"><div class=\"wp-block-image\">\n<figure class=\"aligncenter size-full\"><img loading=\"lazy\" decoding=\"async\" width=\"500\" height=\"500\" src=\"https:\/\/www.comercialfrankcanarias.com\/wp-content\/uploads\/2024\/06\/Automec.png\" alt=\"\" class=\"wp-image-2324\" srcset=\"https:\/\/www.comercialfrankcanarias.com\/wp-content\/uploads\/2024\/06\/Automec.png 500w, https:\/\/www.comercialfrankcanarias.com\/wp-content\/uploads\/2024\/06\/Automec-300x300.png 300w\" sizes=\"auto, (max-width: 500px) 100vw, 500px\" \/><\/figure><\/div><\/div>\n\n\n\n<div class=\"wp-block-column is-vertically-aligned-center is-layout-flow wp-block-column-is-layout-flow\">\n<h2 class=\"wp-block-heading has-text-align-center\">MEC\u00c1NICA<\/h2>\n\n\n\n<ul style=\"font-size:20px\" class=\"wp-block-list\">\n<li>Anticongelantes<\/li>\n\n\n\n<li>Bater\u00edas<\/li>\n\n\n\n<li>Filtros de aceite<\/li>\n\n\n\n<li>Hidr\u00e1ulicos<\/li>\n\n\n\n<li>Lubricantes<\/li>\n\n\n\n<li>L\u00edquidos de frenos<\/li>\n\n\n\n<li>L\u00edquidos de servodirecci\u00f3n + cambio autom\u00e1tico<\/li>\n\n\n\n<li>N\u00e1utica<\/li>\n\n\n\n<li>Lavaparabrisas<\/li>\n<\/ul>\n<\/div>\n<\/div>\n\n\n\n<div class=\"wp-block-columns are-vertically-aligned-center is-layout-flex wp-container-core-columns-is-layout-9d6595d7 wp-block-columns-is-layout-flex\">\n<div class=\"wp-block-column is-vertically-aligned-center is-layout-flow wp-block-column-is-layout-flow\"><div class=\"wp-block-image\">\n<figure class=\"aligncenter size-full\"><img loading=\"lazy\" decoding=\"async\" width=\"500\" height=\"500\" src=\"https:\/\/www.comercialfrankcanarias.com\/wp-content\/uploads\/2024\/06\/automan.jpg\" alt=\"\" class=\"wp-image-2307\" srcset=\"https:\/\/www.comercialfrankcanarias.com\/wp-content\/uploads\/2024\/06\/automan.jpg 500w, https:\/\/www.comercialfrankcanarias.com\/wp-content\/uploads\/2024\/06\/automan-300x300.jpg 300w\" sizes=\"auto, (max-width: 500px) 100vw, 500px\" \/><\/figure><\/div><\/div>\n\n\n\n<div class=\"wp-block-column is-vertically-aligned-center is-layout-flow wp-block-column-is-layout-flow\">\n<h2 class=\"wp-block-heading has-text-align-center\">MANTENIMIENTO Y COMPLEMENTOS<\/h2>\n\n\n\n<ul style=\"font-size:20px\" class=\"wp-block-list\">\n<li>Escobillas limpiaparabrisas<\/li>\n\n\n\n<li>Ambientadores<\/li>\n\n\n\n<li>Aflojatodo<\/li>\n\n\n\n<li>Grasas<\/li>\n\n\n\n<li>Limpia salpicaderos<\/li>\n\n\n\n<li>Tapacubos<\/li>\n\n\n\n<li>Pulimento<\/li>\n\n\n\n<li>Portam\u00f3vil<\/li>\n\n\n\n<li>Siliconado especial<\/li>\n\n\n\n<li>Alfombras<\/li>\n<\/ul>\n<\/div>\n<\/div>\n\n\n\n<div style=\"height:25px\" aria-hidden=\"true\" class=\"wp-block-spacer\"><\/div>\n\n\n\n<h2 class=\"wp-block-heading has-text-align-center\">NUESTRAS MARCAS DE AUTOMOCI\u00d3N<\/h2>\n\n\n\n<div style=\"height:25px\" aria-hidden=\"true\" class=\"wp-block-spacer\"><\/div>\n\n\n<div class=\"wp-block-image\">\n<figure class=\"aligncenter size-large\"><img loading=\"lazy\" decoding=\"async\" width=\"1920\" height=\"951\" src=\"https:\/\/www.comercialfrankcanarias.com\/wp-content\/uploads\/2024\/06\/5-1-1920x951.png\" alt=\"\" class=\"wp-image-2310\" srcset=\"https:\/\/www.comercialfrankcanarias.com\/wp-content\/uploads\/2024\/06\/5-1-1920x951.png 1920w, https:\/\/www.comercialfrankcanarias.com\/wp-content\/uploads\/2024\/06\/5-1-600x297.png 600w, https:\/\/www.comercialfrankcanarias.com\/wp-content\/uploads\/2024\/06\/5-1-768x380.png 768w, https:\/\/www.comercialfrankcanarias.com\/wp-content\/uploads\/2024\/06\/5-1-1536x761.png 1536w, https:\/\/www.comercialfrankcanarias.com\/wp-content\/uploads\/2024\/06\/5-1-2048x1015.png 2048w\" sizes=\"auto, (max-width: 1920px) 100vw, 1920px\" \/><\/figure><\/div>\n\n\n<div style=\"height:15px\" aria-hidden=\"true\" class=\"wp-block-spacer\"><\/div>\n\n\n\n<p class=\"has-text-align-center\" style=\"font-size:20px\">Lubricantes, refrigerantes, l\u00edquidos de frenos, anticongelantes\u2026 fabricante de productos qu\u00edmicos para el autom\u00f3vil con una relaci\u00f3n calidad\/precio excelente. En Comercial Frank distribuimos en exclusiva para Canarias esta gran marca. Si est\u00e1s interesado no dudes en contactar con nosotros.<\/p>\n\n\n\n<div style=\"height:50px\" aria-hidden=\"true\" class=\"wp-block-spacer\"><\/div>\n\n\n<div class=\"wp-block-image\">\n<figure class=\"aligncenter size-large\"><img loading=\"lazy\" decoding=\"async\" width=\"1920\" height=\"951\" src=\"https:\/\/www.comercialfrankcanarias.com\/wp-content\/uploads\/2024\/06\/6-1-1920x951.png\" alt=\"\" class=\"wp-image-2311\" srcset=\"https:\/\/www.comercialfrankcanarias.com\/wp-content\/uploads\/2024\/06\/6-1-1920x951.png 1920w, https:\/\/www.comercialfrankcanarias.com\/wp-content\/uploads\/2024\/06\/6-1-600x297.png 600w, https:\/\/www.comercialfrankcanarias.com\/wp-content\/uploads\/2024\/06\/6-1-768x380.png 768w, https:\/\/www.comercialfrankcanarias.com\/wp-content\/uploads\/2024\/06\/6-1-1536x761.png 1536w, https:\/\/www.comercialfrankcanarias.com\/wp-content\/uploads\/2024\/06\/6-1-2048x1015.png 2048w\" sizes=\"auto, (max-width: 1920px) 100vw, 1920px\" \/><\/figure><\/div>\n\n\n<div style=\"height:15px\" aria-hidden=\"true\" class=\"wp-block-spacer\"><\/div>\n\n\n\n<p class=\"has-text-align-center\" style=\"font-size:20px\">Trabajamos con una de las principales marcas de referencia en el sector de bater\u00edas y acumuladores el\u00e9ctricos, dando cobertura a todo tipo de veh\u00edculos y maquinaria industrial de \u00faltima generaci\u00f3n con la mayor inmediatez posible.<\/p>\n\n\n\n<p class=\"has-text-align-center\" style=\"font-size:20px\">Adem\u00e1s contamos con productos de alta calidad en el mercado de recambios y accesorios para automoci\u00f3n.<\/p>\n\n\n\n<div style=\"height:100px\" aria-hidden=\"true\" class=\"wp-block-spacer\"><\/div>\n\n\n\n<p class=\"has-text-align-center\" style=\"font-size:20px\">Puede encontrar todos estos productos y muchos m\u00e1s en nuestra web de pedidos o si necesita cualquier tipo de informaci\u00f3n en espec\u00edfico puede llamar a nuestros tel\u00e9fonos de contacto.<\/p>\n\n\n\n<div style=\"height:10px\" aria-hidden=\"true\" class=\"wp-block-spacer\"><\/div>\n\n\n\n<div class=\"wp-block-columns alignwide are-vertically-aligned-center is-layout-flex wp-container-core-columns-is-layout-9d6595d7 wp-block-columns-is-layout-flex\">\n<div class=\"wp-block-column is-vertically-aligned-center is-layout-flow wp-block-column-is-layout-flow\">\n<div class=\"wp-block-buttons is-content-justification-center is-layout-flex wp-container-core-buttons-is-layout-16018d1d wp-block-buttons-is-layout-flex\">\n<div class=\"wp-block-button has-custom-width wp-block-button__width-50\"><a class=\"wp-block-button__link has-theme-palette-3-background-color has-background wp-element-button\" href=\"https:\/\/pedidos.comercialfrankcanarias.com\/\" style=\"border-radius:4px;padding-top:15px;padding-right:15px;padding-bottom:15px;padding-left:15px\" target=\"_blank\" rel=\"noreferrer noopener\">P\u00e1gina Web Pedidos<\/a><\/div>\n<\/div>\n<\/div>\n\n\n\n<div class=\"wp-block-column is-vertically-aligned-center is-layout-flow wp-block-column-is-layout-flow\">\n<div class=\"wp-block-buttons is-content-justification-center is-layout-flex wp-container-core-buttons-is-layout-16018d1d wp-block-buttons-is-layout-flex\">\n<div class=\"wp-block-button has-custom-width wp-block-button__width-50\"><a class=\"wp-block-button__link has-theme-palette-3-background-color has-background wp-element-button\" href=\"https:\/\/www.comercialfrankcanarias.com\/index.php\/contacto-comercial-frank\/\" style=\"border-radius:4px;padding-top:15px;padding-right:15px;padding-bottom:15px;padding-left:15px\">Contacto<\/a><\/div>\n<\/div>\n<\/div>\n<\/div>\n\n\n\n<div style=\"height:100px\" aria-hidden=\"true\" class=\"wp-block-spacer\"><\/div>\n","protected":false},"excerpt":{"rendered":"<p>Cat\u00e1logos MEC\u00c1NICA MANTENIMIENTO Y COMPLEMENTOS NUESTRAS MARCAS DE AUTOMOCI\u00d3N Lubricantes, refrigerantes, l\u00edquidos de frenos, anticongelantes\u2026 fabricante de productos qu\u00edmicos para el autom\u00f3vil con una relaci\u00f3n calidad\/precio excelente. En Comercial Frank distribuimos en exclusiva para Canarias esta gran marca. Si est\u00e1s interesado no dudes en contactar con nosotros. Trabajamos con una de las principales marcas de&#8230;<\/p>\n","protected":false},"author":2,"featured_media":0,"parent":0,"menu_order":0,"comment_status":"closed","ping_status":"closed","template":"","meta":{"_kad_post_transparent":"","_kad_post_title":"","_kad_post_layout":"","_kad_post_sidebar_id":"","_kad_post_content_style":"","_kad_post_vertical_padding":"","_kad_post_feature":"","_kad_post_feature_position":"","_kad_post_header":false,"_kad_post_footer":false,"_kad_post_classname":"","footnotes":""},"class_list":["post-2349","page","type-page","status-publish","hentry"],"yoast_head":"<!-- This site is optimized with the Yoast SEO plugin v27.1 - https:\/\/yoast.com\/product\/yoast-seo-wordpress\/ -->\n<title>Automoci\u00f3n Comercial Frank - Comercial Frank Canarias<\/title>\n<meta name=\"robots\" content=\"index, follow, max-snippet:-1, max-image-preview:large, max-video-preview:-1\" \/>\n<link rel=\"canonical\" href=\"https:\/\/www.comercialfrankcanarias.com\/index.php\/automocion-comercial-frank\/\" \/>\n<meta property=\"og:locale\" content=\"es_ES\" \/>\n<meta property=\"og:type\" content=\"article\" \/>\n<meta property=\"og:title\" content=\"Automoci\u00f3n Comercial Frank - Comercial Frank Canarias\" \/>\n<meta property=\"og:description\" content=\"Cat\u00e1logos MEC\u00c1NICA MANTENIMIENTO Y COMPLEMENTOS NUESTRAS MARCAS DE AUTOMOCI\u00d3N Lubricantes, refrigerantes, l\u00edquidos de frenos, anticongelantes\u2026 fabricante de productos qu\u00edmicos para el autom\u00f3vil con una relaci\u00f3n calidad\/precio excelente. En Comercial Frank distribuimos en exclusiva para Canarias esta gran marca. Si est\u00e1s interesado no dudes en contactar con nosotros. Trabajamos con una de las principales marcas de...\" \/>\n<meta property=\"og:url\" content=\"https:\/\/www.comercialfrankcanarias.com\/index.php\/automocion-comercial-frank\/\" \/>\n<meta property=\"og:site_name\" content=\"Comercial Frank Canarias\" \/>\n<meta property=\"article:modified_time\" content=\"2025-08-14T08:40:45+00:00\" \/>\n<meta property=\"og:image\" content=\"https:\/\/www.comercialfrankcanarias.com\/wp-content\/uploads\/2024\/06\/Automocion.png\" \/>\n\t<meta property=\"og:image:width\" content=\"1920\" \/>\n\t<meta property=\"og:image:height\" content=\"540\" \/>\n\t<meta property=\"og:image:type\" content=\"image\/png\" \/>\n<meta name=\"twitter:card\" content=\"summary_large_image\" \/>\n<meta name=\"twitter:label1\" content=\"Tiempo de lectura\" \/>\n\t<meta name=\"twitter:data1\" content=\"2 minutos\" \/>\n<script type=\"application\/ld+json\" class=\"yoast-schema-graph\">{\"@context\":\"https:\/\/schema.org\",\"@graph\":[{\"@type\":\"WebPage\",\"@id\":\"https:\/\/www.comercialfrankcanarias.com\/index.php\/automocion-comercial-frank\/\",\"url\":\"https:\/\/www.comercialfrankcanarias.com\/index.php\/automocion-comercial-frank\/\",\"name\":\"Automoci\u00f3n Comercial Frank - Comercial Frank Canarias\",\"isPartOf\":{\"@id\":\"https:\/\/www.comercialfrankcanarias.com\/#website\"},\"primaryImageOfPage\":{\"@id\":\"https:\/\/www.comercialfrankcanarias.com\/index.php\/automocion-comercial-frank\/#primaryimage\"},\"image\":{\"@id\":\"https:\/\/www.comercialfrankcanarias.com\/index.php\/automocion-comercial-frank\/#primaryimage\"},\"thumbnailUrl\":\"https:\/\/www.comercialfrankcanarias.com\/wp-content\/uploads\/2024\/06\/Automocion.png\",\"datePublished\":\"2024-07-10T09:32:01+00:00\",\"dateModified\":\"2025-08-14T08:40:45+00:00\",\"breadcrumb\":{\"@id\":\"https:\/\/www.comercialfrankcanarias.com\/index.php\/automocion-comercial-frank\/#breadcrumb\"},\"inLanguage\":\"es\",\"potentialAction\":[{\"@type\":\"ReadAction\",\"target\":[\"https:\/\/www.comercialfrankcanarias.com\/index.php\/automocion-comercial-frank\/\"]}]},{\"@type\":\"ImageObject\",\"inLanguage\":\"es\",\"@id\":\"https:\/\/www.comercialfrankcanarias.com\/index.php\/automocion-comercial-frank\/#primaryimage\",\"url\":\"https:\/\/www.comercialfrankcanarias.com\/wp-content\/uploads\/2024\/06\/Automocion.png\",\"contentUrl\":\"https:\/\/www.comercialfrankcanarias.com\/wp-content\/uploads\/2024\/06\/Automocion.png\",\"width\":1920,\"height\":540},{\"@type\":\"BreadcrumbList\",\"@id\":\"https:\/\/www.comercialfrankcanarias.com\/index.php\/automocion-comercial-frank\/#breadcrumb\",\"itemListElement\":[{\"@type\":\"ListItem\",\"position\":1,\"name\":\"Portada\",\"item\":\"https:\/\/www.comercialfrankcanarias.com\/\"},{\"@type\":\"ListItem\",\"position\":2,\"name\":\"Automoci\u00f3n Comercial Frank\"}]},{\"@type\":\"WebSite\",\"@id\":\"https:\/\/www.comercialfrankcanarias.com\/#website\",\"url\":\"https:\/\/www.comercialfrankcanarias.com\/\",\"name\":\"Comercial Frank Canarias\",\"description\":\"Proveedor de productos qu\u00edmicos para automoci\u00f3n:Lubricantes, anticongelantes, lavaparabrisas, hidraulicos, limpieza, etc.\",\"publisher\":{\"@id\":\"https:\/\/www.comercialfrankcanarias.com\/#organization\"},\"potentialAction\":[{\"@type\":\"SearchAction\",\"target\":{\"@type\":\"EntryPoint\",\"urlTemplate\":\"https:\/\/www.comercialfrankcanarias.com\/?s={search_term_string}\"},\"query-input\":{\"@type\":\"PropertyValueSpecification\",\"valueRequired\":true,\"valueName\":\"search_term_string\"}}],\"inLanguage\":\"es\"},{\"@type\":\"Organization\",\"@id\":\"https:\/\/www.comercialfrankcanarias.com\/#organization\",\"name\":\"Comercial Frank Canarias\",\"url\":\"https:\/\/www.comercialfrankcanarias.com\/\",\"logo\":{\"@type\":\"ImageObject\",\"inLanguage\":\"es\",\"@id\":\"https:\/\/www.comercialfrankcanarias.com\/#\/schema\/logo\/image\/\",\"url\":\"https:\/\/www.comercialfrankcanarias.com\/wp-content\/uploads\/2023\/05\/cropped-logo.jpg\",\"contentUrl\":\"https:\/\/www.comercialfrankcanarias.com\/wp-content\/uploads\/2023\/05\/cropped-logo.jpg\",\"width\":249,\"height\":223,\"caption\":\"Comercial Frank Canarias\"},\"image\":{\"@id\":\"https:\/\/www.comercialfrankcanarias.com\/#\/schema\/logo\/image\/\"}}]}<\/script>\n<!-- \/ Yoast SEO plugin. -->","yoast_head_json":{"title":"Automoci\u00f3n Comercial Frank - Comercial Frank Canarias","robots":{"index":"index","follow":"follow","max-snippet":"max-snippet:-1","max-image-preview":"max-image-preview:large","max-video-preview":"max-video-preview:-1"},"canonical":"https:\/\/www.comercialfrankcanarias.com\/index.php\/automocion-comercial-frank\/","og_locale":"es_ES","og_type":"article","og_title":"Automoci\u00f3n Comercial Frank - Comercial Frank Canarias","og_description":"Cat\u00e1logos MEC\u00c1NICA MANTENIMIENTO Y COMPLEMENTOS NUESTRAS MARCAS DE AUTOMOCI\u00d3N Lubricantes, refrigerantes, l\u00edquidos de frenos, anticongelantes\u2026 fabricante de productos qu\u00edmicos para el autom\u00f3vil con una relaci\u00f3n calidad\/precio excelente. En Comercial Frank distribuimos en exclusiva para Canarias esta gran marca. Si est\u00e1s interesado no dudes en contactar con nosotros. Trabajamos con una de las principales marcas de...","og_url":"https:\/\/www.comercialfrankcanarias.com\/index.php\/automocion-comercial-frank\/","og_site_name":"Comercial Frank Canarias","article_modified_time":"2025-08-14T08:40:45+00:00","og_image":[{"width":1920,"height":540,"url":"https:\/\/www.comercialfrankcanarias.com\/wp-content\/uploads\/2024\/06\/Automocion.png","type":"image\/png"}],"twitter_card":"summary_large_image","twitter_misc":{"Tiempo de lectura":"2 minutos"},"schema":{"@context":"https:\/\/schema.org","@graph":[{"@type":"WebPage","@id":"https:\/\/www.comercialfrankcanarias.com\/index.php\/automocion-comercial-frank\/","url":"https:\/\/www.comercialfrankcanarias.com\/index.php\/automocion-comercial-frank\/","name":"Automoci\u00f3n Comercial Frank - Comercial Frank Canarias","isPartOf":{"@id":"https:\/\/www.comercialfrankcanarias.com\/#website"},"primaryImageOfPage":{"@id":"https:\/\/www.comercialfrankcanarias.com\/index.php\/automocion-comercial-frank\/#primaryimage"},"image":{"@id":"https:\/\/www.comercialfrankcanarias.com\/index.php\/automocion-comercial-frank\/#primaryimage"},"thumbnailUrl":"https:\/\/www.comercialfrankcanarias.com\/wp-content\/uploads\/2024\/06\/Automocion.png","datePublished":"2024-07-10T09:32:01+00:00","dateModified":"2025-08-14T08:40:45+00:00","breadcrumb":{"@id":"https:\/\/www.comercialfrankcanarias.com\/index.php\/automocion-comercial-frank\/#breadcrumb"},"inLanguage":"es","potentialAction":[{"@type":"ReadAction","target":["https:\/\/www.comercialfrankcanarias.com\/index.php\/automocion-comercial-frank\/"]}]},{"@type":"ImageObject","inLanguage":"es","@id":"https:\/\/www.comercialfrankcanarias.com\/index.php\/automocion-comercial-frank\/#primaryimage","url":"https:\/\/www.comercialfrankcanarias.com\/wp-content\/uploads\/2024\/06\/Automocion.png","contentUrl":"https:\/\/www.comercialfrankcanarias.com\/wp-content\/uploads\/2024\/06\/Automocion.png","width":1920,"height":540},{"@type":"BreadcrumbList","@id":"https:\/\/www.comercialfrankcanarias.com\/index.php\/automocion-comercial-frank\/#breadcrumb","itemListElement":[{"@type":"ListItem","position":1,"name":"Portada","item":"https:\/\/www.comercialfrankcanarias.com\/"},{"@type":"ListItem","position":2,"name":"Automoci\u00f3n Comercial Frank"}]},{"@type":"WebSite","@id":"https:\/\/www.comercialfrankcanarias.com\/#website","url":"https:\/\/www.comercialfrankcanarias.com\/","name":"Comercial Frank Canarias","description":"Proveedor de productos qu\u00edmicos para automoci\u00f3n:Lubricantes, anticongelantes, lavaparabrisas, hidraulicos, limpieza, etc.","publisher":{"@id":"https:\/\/www.comercialfrankcanarias.com\/#organization"},"potentialAction":[{"@type":"SearchAction","target":{"@type":"EntryPoint","urlTemplate":"https:\/\/www.comercialfrankcanarias.com\/?s={search_term_string}"},"query-input":{"@type":"PropertyValueSpecification","valueRequired":true,"valueName":"search_term_string"}}],"inLanguage":"es"},{"@type":"Organization","@id":"https:\/\/www.comercialfrankcanarias.com\/#organization","name":"Comercial Frank Canarias","url":"https:\/\/www.comercialfrankcanarias.com\/","logo":{"@type":"ImageObject","inLanguage":"es","@id":"https:\/\/www.comercialfrankcanarias.com\/#\/schema\/logo\/image\/","url":"https:\/\/www.comercialfrankcanarias.com\/wp-content\/uploads\/2023\/05\/cropped-logo.jpg","contentUrl":"https:\/\/www.comercialfrankcanarias.com\/wp-content\/uploads\/2023\/05\/cropped-logo.jpg","width":249,"height":223,"caption":"Comercial Frank Canarias"},"image":{"@id":"https:\/\/www.comercialfrankcanarias.com\/#\/schema\/logo\/image\/"}}]}},"_links":{"self":[{"href":"https:\/\/www.comercialfrankcanarias.com\/index.php\/wp-json\/wp\/v2\/pages\/2349","targetHints":{"allow":["GET"]}}],"collection":[{"href":"https:\/\/www.comercialfrankcanarias.com\/index.php\/wp-json\/wp\/v2\/pages"}],"about":[{"href":"https:\/\/www.comercialfrankcanarias.com\/index.php\/wp-json\/wp\/v2\/types\/page"}],"author":[{"embeddable":true,"href":"https:\/\/www.comercialfrankcanarias.com\/index.php\/wp-json\/wp\/v2\/users\/2"}],"replies":[{"embeddable":true,"href":"https:\/\/www.comercialfrankcanarias.com\/index.php\/wp-json\/wp\/v2\/comments?post=2349"}],"version-history":[{"count":20,"href":"https:\/\/www.comercialfrankcanarias.com\/index.php\/wp-json\/wp\/v2\/pages\/2349\/revisions"}],"predecessor-version":[{"id":3053,"href":"https:\/\/www.comercialfrankcanarias.com\/index.php\/wp-json\/wp\/v2\/pages\/2349\/revisions\/3053"}],"wp:attachment":[{"href":"https:\/\/www.comercialfrankcanarias.com\/index.php\/wp-json\/wp\/v2\/media?parent=2349"}],"curies":[{"name":"wp","href":"https:\/\/api.w.org\/{rel}","templated":true}]}}