{"id":2304,"date":"2024-07-10T09:32:03","date_gmt":"2024-07-10T09:32:03","guid":{"rendered":"https:\/\/www.comercialfrankcanarias.com\/?page_id=2304"},"modified":"2025-08-14T08:01:08","modified_gmt":"2025-08-14T08:01:08","slug":"fotografia-y-joyeria-comercial-frank","status":"publish","type":"page","link":"https:\/\/www.comercialfrankcanarias.com\/index.php\/fotografia-y-joyeria-comercial-frank\/","title":{"rendered":"Fotograf\u00eda y Joyer\u00eda Comercial Frank"},"content":{"rendered":"\n<div class=\"wp-block-cover alignfull is-light\" style=\"min-height:550px;aspect-ratio:unset;\"><span aria-hidden=\"true\" class=\"wp-block-cover__background has-background-dim-0 has-background-dim\"><\/span><img loading=\"lazy\" decoding=\"async\" width=\"1920\" height=\"540\" class=\"wp-block-cover__image-background wp-image-2330\" alt=\"\" src=\"https:\/\/www.comercialfrankcanarias.com\/wp-content\/uploads\/2024\/06\/Fotografia-y-Joyeria.png\" data-object-fit=\"cover\" srcset=\"https:\/\/www.comercialfrankcanarias.com\/wp-content\/uploads\/2024\/06\/Fotografia-y-Joyeria.png 1920w, https:\/\/www.comercialfrankcanarias.com\/wp-content\/uploads\/2024\/06\/Fotografia-y-Joyeria-600x169.png 600w, https:\/\/www.comercialfrankcanarias.com\/wp-content\/uploads\/2024\/06\/Fotografia-y-Joyeria-768x216.png 768w, https:\/\/www.comercialfrankcanarias.com\/wp-content\/uploads\/2024\/06\/Fotografia-y-Joyeria-1536x432.png 1536w\" sizes=\"auto, (max-width: 1920px) 100vw, 1920px\" \/><div class=\"wp-block-cover__inner-container is-layout-flow wp-block-cover-is-layout-flow\">\n<p class=\"has-text-align-center\" style=\"font-size:60px\">FOTOGRAF\u00cdA Y JOYER\u00cdA<\/p>\n<\/div><\/div>\n\n\n\n<h2 class=\"wp-block-heading has-text-align-center\" style=\"font-size:40px\">Cat\u00e1logos<\/h2>\n\n\n\n<div class=\"wp-block-columns is-layout-flex wp-container-core-columns-is-layout-9d6595d7 wp-block-columns-is-layout-flex\">\n<div class=\"wp-block-column is-layout-flow wp-block-column-is-layout-flow\">\n<div class=\"wp-block-buttons is-content-justification-center is-layout-flex wp-container-core-buttons-is-layout-16018d1d wp-block-buttons-is-layout-flex\">\n<div class=\"wp-block-button has-custom-width wp-block-button__width-25\"><a class=\"wp-block-button__link has-theme-palette-3-background-color has-background wp-element-button\" href=\"https:\/\/www.comercialfrankcanarias.com\/wp-content\/uploads\/2025\/08\/SIN-PRECIO-CATALOGO-DEAM-DESCUENTO-105.pdf\" style=\"border-radius:4px;padding-top:15px;padding-right:15px;padding-bottom:15px;padding-left:15px\" target=\"_blank\" rel=\"noreferrer noopener\">Fotograf\u00eda y Joyer\u00eda<\/a><\/div>\n<\/div>\n<\/div>\n<\/div>\n\n\n\n<div style=\"height:50px\" aria-hidden=\"true\" class=\"wp-block-spacer\"><\/div>\n\n\n\n<div class=\"wp-block-columns are-vertically-aligned-center is-layout-flex wp-container-core-columns-is-layout-9d6595d7 wp-block-columns-is-layout-flex\">\n<div class=\"wp-block-column is-vertically-aligned-center is-layout-flow wp-block-column-is-layout-flow\"><div class=\"wp-block-image\">\n<figure class=\"aligncenter size-full\"><img loading=\"lazy\" decoding=\"async\" width=\"500\" height=\"500\" src=\"https:\/\/www.comercialfrankcanarias.com\/wp-content\/uploads\/2024\/06\/fotografia.jpg\" alt=\"\" class=\"wp-image-2333\" srcset=\"https:\/\/www.comercialfrankcanarias.com\/wp-content\/uploads\/2024\/06\/fotografia.jpg 500w, https:\/\/www.comercialfrankcanarias.com\/wp-content\/uploads\/2024\/06\/fotografia-300x300.jpg 300w\" sizes=\"auto, (max-width: 500px) 100vw, 500px\" \/><\/figure><\/div><\/div>\n\n\n\n<div class=\"wp-block-column is-vertically-aligned-center is-layout-flow wp-block-column-is-layout-flow\">\n<h2 class=\"wp-block-heading has-text-align-center\">FOTOGRAF\u00cdA<\/h2>\n\n\n\n<ul style=\"font-size:20px\" class=\"wp-block-list\">\n<li>Portafotos<\/li>\n\n\n\n<li>Marcap\u00e1ginas<\/li>\n\n\n\n<li>Adhesivos<\/li>\n\n\n\n<li>Hojas Magn\u00e9ticas<\/li>\n\n\n\n<li>\u00c1lbumes<\/li>\n<\/ul>\n<\/div>\n<\/div>\n\n\n\n<div class=\"wp-block-columns are-vertically-aligned-center is-layout-flex wp-container-core-columns-is-layout-9d6595d7 wp-block-columns-is-layout-flex\">\n<div class=\"wp-block-column is-vertically-aligned-center is-layout-flow wp-block-column-is-layout-flow\"><div class=\"wp-block-image\">\n<figure class=\"aligncenter size-full\"><img loading=\"lazy\" decoding=\"async\" width=\"500\" height=\"500\" src=\"https:\/\/www.comercialfrankcanarias.com\/wp-content\/uploads\/2024\/06\/joyeria.jpg\" alt=\"\" class=\"wp-image-2332\" srcset=\"https:\/\/www.comercialfrankcanarias.com\/wp-content\/uploads\/2024\/06\/joyeria.jpg 500w, https:\/\/www.comercialfrankcanarias.com\/wp-content\/uploads\/2024\/06\/joyeria-300x300.jpg 300w\" sizes=\"auto, (max-width: 500px) 100vw, 500px\" \/><\/figure><\/div><\/div>\n\n\n\n<div class=\"wp-block-column is-vertically-aligned-center is-layout-flow wp-block-column-is-layout-flow\">\n<h2 class=\"wp-block-heading has-text-align-center\">JOYER\u00cdA<\/h2>\n\n\n\n<ul style=\"font-size:20px\" class=\"wp-block-list\">\n<li>Cajita de dientes<\/li>\n\n\n\n<li>Llaveros<\/li>\n\n\n\n<li>Relojeros<\/li>\n\n\n\n<li>Joyeros<\/li>\n\n\n\n<li>Chupetes<\/li>\n\n\n\n<li>Apliques<\/li>\n\n\n\n<li>Colgantes<\/li>\n\n\n\n<li>Pendientes<\/li>\n\n\n\n<li>Cubiertos<\/li>\n<\/ul>\n<\/div>\n<\/div>\n\n\n\n<div style=\"height:25px\" aria-hidden=\"true\" class=\"wp-block-spacer\"><\/div>\n\n\n\n<h2 class=\"wp-block-heading has-text-align-center\">NUESTRAS MARCAS DE FOTOGRAF\u00cdA Y JOYER\u00cdA<\/h2>\n\n\n\n<div style=\"height:25px\" aria-hidden=\"true\" class=\"wp-block-spacer\"><\/div>\n\n\n<div class=\"wp-block-image\">\n<figure class=\"aligncenter size-large\"><img loading=\"lazy\" decoding=\"async\" width=\"1920\" height=\"951\" src=\"https:\/\/www.comercialfrankcanarias.com\/wp-content\/uploads\/2024\/06\/7-1-1920x951.png\" alt=\"\" class=\"wp-image-2336\" srcset=\"https:\/\/www.comercialfrankcanarias.com\/wp-content\/uploads\/2024\/06\/7-1-1920x951.png 1920w, https:\/\/www.comercialfrankcanarias.com\/wp-content\/uploads\/2024\/06\/7-1-600x297.png 600w, https:\/\/www.comercialfrankcanarias.com\/wp-content\/uploads\/2024\/06\/7-1-768x380.png 768w, https:\/\/www.comercialfrankcanarias.com\/wp-content\/uploads\/2024\/06\/7-1-1536x761.png 1536w, https:\/\/www.comercialfrankcanarias.com\/wp-content\/uploads\/2024\/06\/7-1-2048x1015.png 2048w\" sizes=\"auto, (max-width: 1920px) 100vw, 1920px\" \/><\/figure><\/div>\n\n\n<div style=\"height:15px\" aria-hidden=\"true\" class=\"wp-block-spacer\"><\/div>\n\n\n\n<p class=\"has-text-align-center\" style=\"font-size:20px\">Puede encontrar todos estos productos y muchos m\u00e1s en nuestra web de pedidos o si necesita cualquier tipo de informaci\u00f3n en espec\u00edfico puede llamar a nuestros tel\u00e9fonos de contacto.<\/p>\n\n\n\n<div style=\"height:10px\" aria-hidden=\"true\" class=\"wp-block-spacer\"><\/div>\n\n\n\n<div class=\"wp-block-columns alignwide is-layout-flex wp-container-core-columns-is-layout-9d6595d7 wp-block-columns-is-layout-flex\">\n<div class=\"wp-block-column is-vertically-aligned-center is-layout-flow wp-block-column-is-layout-flow\">\n<div class=\"wp-block-buttons is-content-justification-center is-layout-flex wp-container-core-buttons-is-layout-16018d1d wp-block-buttons-is-layout-flex\">\n<div class=\"wp-block-button has-custom-width wp-block-button__width-50\"><a class=\"wp-block-button__link has-theme-palette-3-background-color has-background wp-element-button\" href=\"https:\/\/pedidos.comercialfrankcanarias.com\/\" style=\"border-radius:4px;padding-top:15px;padding-right:15px;padding-bottom:15px;padding-left:15px\" target=\"_blank\" rel=\"noreferrer noopener\">P\u00e1gina Web Pedidos<\/a><\/div>\n<\/div>\n<\/div>\n\n\n\n<div class=\"wp-block-column is-layout-flow wp-block-column-is-layout-flow\">\n<div class=\"wp-block-buttons is-content-justification-center is-layout-flex wp-container-core-buttons-is-layout-16018d1d wp-block-buttons-is-layout-flex\">\n<div class=\"wp-block-button has-custom-width wp-block-button__width-50\"><a class=\"wp-block-button__link has-theme-palette-3-background-color has-background wp-element-button\" href=\"https:\/\/www.comercialfrankcanarias.com\/index.php\/contacto-comercial-frank\/\" style=\"border-radius:4px;padding-top:15px;padding-right:15px;padding-bottom:15px;padding-left:15px\">Contacto<\/a><\/div>\n<\/div>\n<\/div>\n<\/div>\n\n\n\n<div style=\"height:100px\" aria-hidden=\"true\" class=\"wp-block-spacer\"><\/div>\n","protected":false},"excerpt":{"rendered":"<p>Cat\u00e1logos FOTOGRAF\u00cdA JOYER\u00cdA NUESTRAS MARCAS DE FOTOGRAF\u00cdA Y JOYER\u00cdA Puede encontrar todos estos productos y muchos m\u00e1s en nuestra web de pedidos o si necesita cualquier tipo de informaci\u00f3n en espec\u00edfico puede llamar a nuestros tel\u00e9fonos de contacto.<\/p>\n","protected":false},"author":2,"featured_media":0,"parent":0,"menu_order":0,"comment_status":"closed","ping_status":"closed","template":"","meta":{"_kad_post_transparent":"","_kad_post_title":"","_kad_post_layout":"","_kad_post_sidebar_id":"","_kad_post_content_style":"","_kad_post_vertical_padding":"","_kad_post_feature":"","_kad_post_feature_position":"","_kad_post_header":false,"_kad_post_footer":false,"_kad_post_classname":"","footnotes":""},"class_list":["post-2304","page","type-page","status-publish","hentry"],"yoast_head":"<!-- This site is optimized with the Yoast SEO plugin v27.1 - https:\/\/yoast.com\/product\/yoast-seo-wordpress\/ -->\n<title>Fotograf\u00eda y Joyer\u00eda Comercial Frank - Comercial Frank Canarias<\/title>\n<meta name=\"robots\" content=\"index, follow, max-snippet:-1, max-image-preview:large, max-video-preview:-1\" \/>\n<link rel=\"canonical\" href=\"https:\/\/www.comercialfrankcanarias.com\/index.php\/fotografia-y-joyeria-comercial-frank\/\" \/>\n<meta property=\"og:locale\" content=\"es_ES\" \/>\n<meta property=\"og:type\" content=\"article\" \/>\n<meta property=\"og:title\" content=\"Fotograf\u00eda y Joyer\u00eda Comercial Frank - Comercial Frank Canarias\" \/>\n<meta property=\"og:description\" content=\"Cat\u00e1logos FOTOGRAF\u00cdA JOYER\u00cdA NUESTRAS MARCAS DE FOTOGRAF\u00cdA Y JOYER\u00cdA Puede encontrar todos estos productos y muchos m\u00e1s en nuestra web de pedidos o si necesita cualquier tipo de informaci\u00f3n en espec\u00edfico puede llamar a nuestros tel\u00e9fonos de contacto.\" \/>\n<meta property=\"og:url\" content=\"https:\/\/www.comercialfrankcanarias.com\/index.php\/fotografia-y-joyeria-comercial-frank\/\" \/>\n<meta property=\"og:site_name\" content=\"Comercial Frank Canarias\" \/>\n<meta property=\"article:modified_time\" content=\"2025-08-14T08:01:08+00:00\" \/>\n<meta property=\"og:image\" content=\"https:\/\/www.comercialfrankcanarias.com\/wp-content\/uploads\/2024\/06\/Fotografia-y-Joyeria.png\" \/>\n\t<meta property=\"og:image:width\" content=\"1920\" \/>\n\t<meta property=\"og:image:height\" content=\"540\" \/>\n\t<meta property=\"og:image:type\" content=\"image\/png\" \/>\n<meta name=\"twitter:card\" content=\"summary_large_image\" \/>\n<meta name=\"twitter:label1\" content=\"Tiempo de lectura\" \/>\n\t<meta name=\"twitter:data1\" content=\"2 minutos\" \/>\n<script type=\"application\/ld+json\" class=\"yoast-schema-graph\">{\"@context\":\"https:\/\/schema.org\",\"@graph\":[{\"@type\":\"WebPage\",\"@id\":\"https:\/\/www.comercialfrankcanarias.com\/index.php\/fotografia-y-joyeria-comercial-frank\/\",\"url\":\"https:\/\/www.comercialfrankcanarias.com\/index.php\/fotografia-y-joyeria-comercial-frank\/\",\"name\":\"Fotograf\u00eda y Joyer\u00eda Comercial Frank - Comercial Frank Canarias\",\"isPartOf\":{\"@id\":\"https:\/\/www.comercialfrankcanarias.com\/#website\"},\"primaryImageOfPage\":{\"@id\":\"https:\/\/www.comercialfrankcanarias.com\/index.php\/fotografia-y-joyeria-comercial-frank\/#primaryimage\"},\"image\":{\"@id\":\"https:\/\/www.comercialfrankcanarias.com\/index.php\/fotografia-y-joyeria-comercial-frank\/#primaryimage\"},\"thumbnailUrl\":\"https:\/\/www.comercialfrankcanarias.com\/wp-content\/uploads\/2024\/06\/Fotografia-y-Joyeria.png\",\"datePublished\":\"2024-07-10T09:32:03+00:00\",\"dateModified\":\"2025-08-14T08:01:08+00:00\",\"breadcrumb\":{\"@id\":\"https:\/\/www.comercialfrankcanarias.com\/index.php\/fotografia-y-joyeria-comercial-frank\/#breadcrumb\"},\"inLanguage\":\"es\",\"potentialAction\":[{\"@type\":\"ReadAction\",\"target\":[\"https:\/\/www.comercialfrankcanarias.com\/index.php\/fotografia-y-joyeria-comercial-frank\/\"]}]},{\"@type\":\"ImageObject\",\"inLanguage\":\"es\",\"@id\":\"https:\/\/www.comercialfrankcanarias.com\/index.php\/fotografia-y-joyeria-comercial-frank\/#primaryimage\",\"url\":\"https:\/\/www.comercialfrankcanarias.com\/wp-content\/uploads\/2024\/06\/Fotografia-y-Joyeria.png\",\"contentUrl\":\"https:\/\/www.comercialfrankcanarias.com\/wp-content\/uploads\/2024\/06\/Fotografia-y-Joyeria.png\",\"width\":1920,\"height\":540},{\"@type\":\"BreadcrumbList\",\"@id\":\"https:\/\/www.comercialfrankcanarias.com\/index.php\/fotografia-y-joyeria-comercial-frank\/#breadcrumb\",\"itemListElement\":[{\"@type\":\"ListItem\",\"position\":1,\"name\":\"Portada\",\"item\":\"https:\/\/www.comercialfrankcanarias.com\/\"},{\"@type\":\"ListItem\",\"position\":2,\"name\":\"Fotograf\u00eda y Joyer\u00eda Comercial Frank\"}]},{\"@type\":\"WebSite\",\"@id\":\"https:\/\/www.comercialfrankcanarias.com\/#website\",\"url\":\"https:\/\/www.comercialfrankcanarias.com\/\",\"name\":\"Comercial Frank Canarias\",\"description\":\"Proveedor de productos qu\u00edmicos para automoci\u00f3n:Lubricantes, anticongelantes, lavaparabrisas, hidraulicos, limpieza, etc.\",\"publisher\":{\"@id\":\"https:\/\/www.comercialfrankcanarias.com\/#organization\"},\"potentialAction\":[{\"@type\":\"SearchAction\",\"target\":{\"@type\":\"EntryPoint\",\"urlTemplate\":\"https:\/\/www.comercialfrankcanarias.com\/?s={search_term_string}\"},\"query-input\":{\"@type\":\"PropertyValueSpecification\",\"valueRequired\":true,\"valueName\":\"search_term_string\"}}],\"inLanguage\":\"es\"},{\"@type\":\"Organization\",\"@id\":\"https:\/\/www.comercialfrankcanarias.com\/#organization\",\"name\":\"Comercial Frank Canarias\",\"url\":\"https:\/\/www.comercialfrankcanarias.com\/\",\"logo\":{\"@type\":\"ImageObject\",\"inLanguage\":\"es\",\"@id\":\"https:\/\/www.comercialfrankcanarias.com\/#\/schema\/logo\/image\/\",\"url\":\"https:\/\/www.comercialfrankcanarias.com\/wp-content\/uploads\/2023\/05\/cropped-logo.jpg\",\"contentUrl\":\"https:\/\/www.comercialfrankcanarias.com\/wp-content\/uploads\/2023\/05\/cropped-logo.jpg\",\"width\":249,\"height\":223,\"caption\":\"Comercial Frank Canarias\"},\"image\":{\"@id\":\"https:\/\/www.comercialfrankcanarias.com\/#\/schema\/logo\/image\/\"}}]}<\/script>\n<!-- \/ Yoast SEO plugin. -->","yoast_head_json":{"title":"Fotograf\u00eda y Joyer\u00eda Comercial Frank - Comercial Frank Canarias","robots":{"index":"index","follow":"follow","max-snippet":"max-snippet:-1","max-image-preview":"max-image-preview:large","max-video-preview":"max-video-preview:-1"},"canonical":"https:\/\/www.comercialfrankcanarias.com\/index.php\/fotografia-y-joyeria-comercial-frank\/","og_locale":"es_ES","og_type":"article","og_title":"Fotograf\u00eda y Joyer\u00eda Comercial Frank - Comercial Frank Canarias","og_description":"Cat\u00e1logos FOTOGRAF\u00cdA JOYER\u00cdA NUESTRAS MARCAS DE FOTOGRAF\u00cdA Y JOYER\u00cdA Puede encontrar todos estos productos y muchos m\u00e1s en nuestra web de pedidos o si necesita cualquier tipo de informaci\u00f3n en espec\u00edfico puede llamar a nuestros tel\u00e9fonos de contacto.","og_url":"https:\/\/www.comercialfrankcanarias.com\/index.php\/fotografia-y-joyeria-comercial-frank\/","og_site_name":"Comercial Frank Canarias","article_modified_time":"2025-08-14T08:01:08+00:00","og_image":[{"width":1920,"height":540,"url":"https:\/\/www.comercialfrankcanarias.com\/wp-content\/uploads\/2024\/06\/Fotografia-y-Joyeria.png","type":"image\/png"}],"twitter_card":"summary_large_image","twitter_misc":{"Tiempo de lectura":"2 minutos"},"schema":{"@context":"https:\/\/schema.org","@graph":[{"@type":"WebPage","@id":"https:\/\/www.comercialfrankcanarias.com\/index.php\/fotografia-y-joyeria-comercial-frank\/","url":"https:\/\/www.comercialfrankcanarias.com\/index.php\/fotografia-y-joyeria-comercial-frank\/","name":"Fotograf\u00eda y Joyer\u00eda Comercial Frank - Comercial Frank Canarias","isPartOf":{"@id":"https:\/\/www.comercialfrankcanarias.com\/#website"},"primaryImageOfPage":{"@id":"https:\/\/www.comercialfrankcanarias.com\/index.php\/fotografia-y-joyeria-comercial-frank\/#primaryimage"},"image":{"@id":"https:\/\/www.comercialfrankcanarias.com\/index.php\/fotografia-y-joyeria-comercial-frank\/#primaryimage"},"thumbnailUrl":"https:\/\/www.comercialfrankcanarias.com\/wp-content\/uploads\/2024\/06\/Fotografia-y-Joyeria.png","datePublished":"2024-07-10T09:32:03+00:00","dateModified":"2025-08-14T08:01:08+00:00","breadcrumb":{"@id":"https:\/\/www.comercialfrankcanarias.com\/index.php\/fotografia-y-joyeria-comercial-frank\/#breadcrumb"},"inLanguage":"es","potentialAction":[{"@type":"ReadAction","target":["https:\/\/www.comercialfrankcanarias.com\/index.php\/fotografia-y-joyeria-comercial-frank\/"]}]},{"@type":"ImageObject","inLanguage":"es","@id":"https:\/\/www.comercialfrankcanarias.com\/index.php\/fotografia-y-joyeria-comercial-frank\/#primaryimage","url":"https:\/\/www.comercialfrankcanarias.com\/wp-content\/uploads\/2024\/06\/Fotografia-y-Joyeria.png","contentUrl":"https:\/\/www.comercialfrankcanarias.com\/wp-content\/uploads\/2024\/06\/Fotografia-y-Joyeria.png","width":1920,"height":540},{"@type":"BreadcrumbList","@id":"https:\/\/www.comercialfrankcanarias.com\/index.php\/fotografia-y-joyeria-comercial-frank\/#breadcrumb","itemListElement":[{"@type":"ListItem","position":1,"name":"Portada","item":"https:\/\/www.comercialfrankcanarias.com\/"},{"@type":"ListItem","position":2,"name":"Fotograf\u00eda y Joyer\u00eda Comercial Frank"}]},{"@type":"WebSite","@id":"https:\/\/www.comercialfrankcanarias.com\/#website","url":"https:\/\/www.comercialfrankcanarias.com\/","name":"Comercial Frank Canarias","description":"Proveedor de productos qu\u00edmicos para automoci\u00f3n:Lubricantes, anticongelantes, lavaparabrisas, hidraulicos, limpieza, etc.","publisher":{"@id":"https:\/\/www.comercialfrankcanarias.com\/#organization"},"potentialAction":[{"@type":"SearchAction","target":{"@type":"EntryPoint","urlTemplate":"https:\/\/www.comercialfrankcanarias.com\/?s={search_term_string}"},"query-input":{"@type":"PropertyValueSpecification","valueRequired":true,"valueName":"search_term_string"}}],"inLanguage":"es"},{"@type":"Organization","@id":"https:\/\/www.comercialfrankcanarias.com\/#organization","name":"Comercial Frank Canarias","url":"https:\/\/www.comercialfrankcanarias.com\/","logo":{"@type":"ImageObject","inLanguage":"es","@id":"https:\/\/www.comercialfrankcanarias.com\/#\/schema\/logo\/image\/","url":"https:\/\/www.comercialfrankcanarias.com\/wp-content\/uploads\/2023\/05\/cropped-logo.jpg","contentUrl":"https:\/\/www.comercialfrankcanarias.com\/wp-content\/uploads\/2023\/05\/cropped-logo.jpg","width":249,"height":223,"caption":"Comercial Frank Canarias"},"image":{"@id":"https:\/\/www.comercialfrankcanarias.com\/#\/schema\/logo\/image\/"}}]}},"_links":{"self":[{"href":"https:\/\/www.comercialfrankcanarias.com\/index.php\/wp-json\/wp\/v2\/pages\/2304","targetHints":{"allow":["GET"]}}],"collection":[{"href":"https:\/\/www.comercialfrankcanarias.com\/index.php\/wp-json\/wp\/v2\/pages"}],"about":[{"href":"https:\/\/www.comercialfrankcanarias.com\/index.php\/wp-json\/wp\/v2\/types\/page"}],"author":[{"embeddable":true,"href":"https:\/\/www.comercialfrankcanarias.com\/index.php\/wp-json\/wp\/v2\/users\/2"}],"replies":[{"embeddable":true,"href":"https:\/\/www.comercialfrankcanarias.com\/index.php\/wp-json\/wp\/v2\/comments?post=2304"}],"version-history":[{"count":28,"href":"https:\/\/www.comercialfrankcanarias.com\/index.php\/wp-json\/wp\/v2\/pages\/2304\/revisions"}],"predecessor-version":[{"id":3045,"href":"https:\/\/www.comercialfrankcanarias.com\/index.php\/wp-json\/wp\/v2\/pages\/2304\/revisions\/3045"}],"wp:attachment":[{"href":"https:\/\/www.comercialfrankcanarias.com\/index.php\/wp-json\/wp\/v2\/media?parent=2304"}],"curies":[{"name":"wp","href":"https:\/\/api.w.org\/{rel}","templated":true}]}}