{"id":2288,"date":"2024-07-10T09:32:01","date_gmt":"2024-07-10T09:32:01","guid":{"rendered":"https:\/\/www.comercialfrankcanarias.com\/?page_id=2288"},"modified":"2025-08-14T09:17:28","modified_gmt":"2025-08-14T09:17:28","slug":"articulos-de-regalo-comercial-frank","status":"publish","type":"page","link":"https:\/\/www.comercialfrankcanarias.com\/index.php\/articulos-de-regalo-comercial-frank\/","title":{"rendered":"Art\u00edculos de Regalo Comercial Frank"},"content":{"rendered":"\n<div class=\"wp-block-cover alignfull is-light\" style=\"min-height:550px;aspect-ratio:unset;\"><span aria-hidden=\"true\" class=\"wp-block-cover__background has-background-dim-0 has-background-dim\"><\/span><img loading=\"lazy\" decoding=\"async\" width=\"1920\" height=\"540\" class=\"wp-block-cover__image-background wp-image-2290\" alt=\"\" src=\"https:\/\/www.comercialfrankcanarias.com\/wp-content\/uploads\/2024\/06\/Articulos-regalo-1.png\" data-object-fit=\"cover\" srcset=\"https:\/\/www.comercialfrankcanarias.com\/wp-content\/uploads\/2024\/06\/Articulos-regalo-1.png 1920w, https:\/\/www.comercialfrankcanarias.com\/wp-content\/uploads\/2024\/06\/Articulos-regalo-1-600x169.png 600w, https:\/\/www.comercialfrankcanarias.com\/wp-content\/uploads\/2024\/06\/Articulos-regalo-1-768x216.png 768w, https:\/\/www.comercialfrankcanarias.com\/wp-content\/uploads\/2024\/06\/Articulos-regalo-1-1536x432.png 1536w\" sizes=\"auto, (max-width: 1920px) 100vw, 1920px\" \/><div class=\"wp-block-cover__inner-container is-layout-flow wp-block-cover-is-layout-flow\">\n<p class=\"has-text-align-center\" style=\"font-size:60px\"><strong>ART\u00cdCULOS DE REGALO<\/strong><\/p>\n<\/div><\/div>\n\n\n\n<h2 class=\"wp-block-heading has-text-align-center\" style=\"font-size:40px\">Cat\u00e1logos<\/h2>\n\n\n\n<div class=\"wp-block-columns is-layout-flex wp-container-core-columns-is-layout-9d6595d7 wp-block-columns-is-layout-flex\">\n<div class=\"wp-block-column is-layout-flow wp-block-column-is-layout-flow\">\n<div class=\"wp-block-buttons is-content-justification-center is-layout-flex wp-container-core-buttons-is-layout-16018d1d wp-block-buttons-is-layout-flex\">\n<div class=\"wp-block-button has-custom-width wp-block-button__width-50 is-style-fill\"><a class=\"wp-block-button__link has-theme-palette-3-background-color has-background wp-element-button\" href=\"https:\/\/www.comercialfrankcanarias.com\/wp-content\/uploads\/2025\/08\/SIN-PRECIO-CATALOGO-DOREX-DESCUENTO-105.pdf\" style=\"border-radius:4px;padding-top:15px;padding-right:15px;padding-bottom:15px;padding-left:15px\" target=\"_blank\" rel=\"noreferrer noopener\">Decoraci\u00f3n y Regalo<\/a><\/div>\n<\/div>\n<\/div>\n\n\n\n<div class=\"wp-block-column is-layout-flow wp-block-column-is-layout-flow\">\n<div class=\"wp-block-buttons is-content-justification-center is-layout-flex wp-container-core-buttons-is-layout-16018d1d wp-block-buttons-is-layout-flex\">\n<div class=\"wp-block-button has-custom-width wp-block-button__width-50 is-style-fill\"><a class=\"wp-block-button__link has-theme-palette-3-background-color has-background wp-element-button\" href=\"https:\/\/www.comercialfrankcanarias.com\/wp-content\/uploads\/2025\/02\/SIN-PRECIO-Catalogo-Peluches-2025.pdf\" style=\"border-radius:4px;padding-top:15px;padding-right:15px;padding-bottom:15px;padding-left:15px\" target=\"_blank\" rel=\"noreferrer noopener\">Peluches<\/a><\/div>\n<\/div>\n<\/div>\n<\/div>\n\n\n\n<div style=\"height:50px\" aria-hidden=\"true\" class=\"wp-block-spacer\"><\/div>\n\n\n\n<div class=\"wp-block-columns are-vertically-aligned-center is-layout-flex wp-container-core-columns-is-layout-9d6595d7 wp-block-columns-is-layout-flex\">\n<div class=\"wp-block-column is-vertically-aligned-center is-layout-flow wp-block-column-is-layout-flow\"><div class=\"wp-block-image\">\n<figure class=\"aligncenter size-full\"><img loading=\"lazy\" decoding=\"async\" width=\"500\" height=\"500\" src=\"https:\/\/www.comercialfrankcanarias.com\/wp-content\/uploads\/2024\/06\/dec.jpg\" alt=\"\" class=\"wp-image-2357\" srcset=\"https:\/\/www.comercialfrankcanarias.com\/wp-content\/uploads\/2024\/06\/dec.jpg 500w, https:\/\/www.comercialfrankcanarias.com\/wp-content\/uploads\/2024\/06\/dec-300x300.jpg 300w\" sizes=\"auto, (max-width: 500px) 100vw, 500px\" \/><\/figure><\/div><\/div>\n\n\n\n<div class=\"wp-block-column is-vertically-aligned-center is-layout-flow wp-block-column-is-layout-flow\">\n<h2 class=\"wp-block-heading has-text-align-center\">DECORACI\u00d3N Y REGALO<\/h2>\n\n\n\n<ul style=\"font-size:20px\" class=\"wp-block-list\">\n<li>Joyeros y cajas<\/li>\n\n\n\n<li>Radios<\/li>\n\n\n\n<li>Relojeros<\/li>\n\n\n\n<li>Plumas<\/li>\n\n\n\n<li>Petacas<\/li>\n\n\n\n<li>Llaveros<\/li>\n\n\n\n<li>Lupas<\/li>\n\n\n\n<li>Huchas<\/li>\n\n\n\n<li>Figuras<\/li>\n\n\n\n<li>Orden<\/li>\n\n\n\n<li>Herramientas y viajes<\/li>\n\n\n\n<li>Cocina<\/li>\n\n\n\n<li>Ni\u00f1os<\/li>\n\n\n\n<li>Gafas<\/li>\n\n\n\n<li>Casa\/Decoraci\u00f3n<\/li>\n\n\n\n<li>Regalo<\/li>\n<\/ul>\n<\/div>\n<\/div>\n\n\n\n<div class=\"wp-block-columns are-vertically-aligned-center is-layout-flex wp-container-core-columns-is-layout-9d6595d7 wp-block-columns-is-layout-flex\">\n<div class=\"wp-block-column is-vertically-aligned-center is-layout-flow wp-block-column-is-layout-flow\"><div class=\"wp-block-image\">\n<figure class=\"aligncenter size-full\"><img loading=\"lazy\" decoding=\"async\" width=\"500\" height=\"500\" src=\"https:\/\/www.comercialfrankcanarias.com\/wp-content\/uploads\/2024\/06\/pel.jpg\" alt=\"\" class=\"wp-image-2358\" srcset=\"https:\/\/www.comercialfrankcanarias.com\/wp-content\/uploads\/2024\/06\/pel.jpg 500w, https:\/\/www.comercialfrankcanarias.com\/wp-content\/uploads\/2024\/06\/pel-300x300.jpg 300w\" sizes=\"auto, (max-width: 500px) 100vw, 500px\" \/><\/figure><\/div><\/div>\n\n\n\n<div class=\"wp-block-column is-vertically-aligned-center is-layout-flow wp-block-column-is-layout-flow\">\n<h2 class=\"wp-block-heading has-text-align-center\">PELUCHES<\/h2>\n\n\n\n<ul style=\"font-size:20px\" class=\"wp-block-list\">\n<li>Cl\u00e1sicos<\/li>\n\n\n\n<li>Enamorados<\/li>\n\n\n\n<li>Animales<\/li>\n\n\n\n<li>Corazones<\/li>\n<\/ul>\n<\/div>\n<\/div>\n\n\n\n<div style=\"height:25px\" aria-hidden=\"true\" class=\"wp-block-spacer\"><\/div>\n\n\n\n<h2 class=\"wp-block-heading has-text-align-center\">NUESTRAS MARCAS DE ART\u00cdCULOS DE REGALO<\/h2>\n\n\n\n<div style=\"height:25px\" aria-hidden=\"true\" class=\"wp-block-spacer\"><\/div>\n\n\n<div class=\"wp-block-image\">\n<figure class=\"aligncenter size-full\"><img loading=\"lazy\" decoding=\"async\" width=\"2180\" height=\"1080\" src=\"https:\/\/www.comercialfrankcanarias.com\/wp-content\/uploads\/2024\/06\/2-1.png\" alt=\"\" class=\"wp-image-2297\" srcset=\"https:\/\/www.comercialfrankcanarias.com\/wp-content\/uploads\/2024\/06\/2-1.png 2180w, https:\/\/www.comercialfrankcanarias.com\/wp-content\/uploads\/2024\/06\/2-1-600x297.png 600w, https:\/\/www.comercialfrankcanarias.com\/wp-content\/uploads\/2024\/06\/2-1-1920x951.png 1920w, https:\/\/www.comercialfrankcanarias.com\/wp-content\/uploads\/2024\/06\/2-1-768x380.png 768w, https:\/\/www.comercialfrankcanarias.com\/wp-content\/uploads\/2024\/06\/2-1-1536x761.png 1536w, https:\/\/www.comercialfrankcanarias.com\/wp-content\/uploads\/2024\/06\/2-1-2048x1015.png 2048w\" sizes=\"auto, (max-width: 2180px) 100vw, 2180px\" \/><\/figure><\/div>\n\n\n<div style=\"height:50px\" aria-hidden=\"true\" class=\"wp-block-spacer\"><\/div>\n\n\n<div class=\"wp-block-image\">\n<figure class=\"alignleft size-large\"><img loading=\"lazy\" decoding=\"async\" width=\"1920\" height=\"951\" src=\"https:\/\/www.comercialfrankcanarias.com\/wp-content\/uploads\/2024\/06\/4-1920x951.png\" alt=\"\" class=\"wp-image-2299\" srcset=\"https:\/\/www.comercialfrankcanarias.com\/wp-content\/uploads\/2024\/06\/4-1920x951.png 1920w, https:\/\/www.comercialfrankcanarias.com\/wp-content\/uploads\/2024\/06\/4-600x297.png 600w, https:\/\/www.comercialfrankcanarias.com\/wp-content\/uploads\/2024\/06\/4-768x380.png 768w, https:\/\/www.comercialfrankcanarias.com\/wp-content\/uploads\/2024\/06\/4-1536x761.png 1536w, https:\/\/www.comercialfrankcanarias.com\/wp-content\/uploads\/2024\/06\/4-2048x1015.png 2048w\" sizes=\"auto, (max-width: 1920px) 100vw, 1920px\" \/><\/figure><\/div>\n\n\n<div style=\"height:15px\" aria-hidden=\"true\" class=\"wp-block-spacer\"><\/div>\n\n\n\n<p class=\"has-text-align-center\" style=\"font-size:20px\">Puede encontrar todos estos productos y muchos m\u00e1s en nuestra web de pedidos o si necesita cualquier tipo de informaci\u00f3n en espec\u00edfico puede llamar a nuestros tel\u00e9fonos de contacto.<\/p>\n\n\n\n<div style=\"height:10px\" aria-hidden=\"true\" class=\"wp-block-spacer\"><\/div>\n\n\n\n<div class=\"wp-block-columns alignwide is-layout-flex wp-container-core-columns-is-layout-9d6595d7 wp-block-columns-is-layout-flex\">\n<div class=\"wp-block-column is-vertically-aligned-center is-layout-flow wp-block-column-is-layout-flow\">\n<div class=\"wp-block-buttons is-content-justification-center is-layout-flex wp-container-core-buttons-is-layout-16018d1d wp-block-buttons-is-layout-flex\">\n<div class=\"wp-block-button has-custom-width wp-block-button__width-50 is-style-fill\"><a class=\"wp-block-button__link has-theme-palette-3-background-color has-background wp-element-button\" href=\"https:\/\/pedidos.comercialfrankcanarias.com\/\" style=\"border-radius:4px;padding-top:15px;padding-right:15px;padding-bottom:15px;padding-left:15px\" target=\"_blank\" rel=\"noreferrer noopener\">P\u00e1gina Web Pedidos<\/a><\/div>\n<\/div>\n<\/div>\n\n\n\n<div class=\"wp-block-column is-layout-flow wp-block-column-is-layout-flow\">\n<div class=\"wp-block-buttons is-content-justification-center is-layout-flex wp-container-core-buttons-is-layout-16018d1d wp-block-buttons-is-layout-flex\">\n<div class=\"wp-block-button has-custom-width wp-block-button__width-50 is-style-fill\"><a class=\"wp-block-button__link has-theme-palette-3-background-color has-background wp-element-button\" href=\"https:\/\/www.comercialfrankcanarias.com\/index.php\/contacto-comercial-frank\/\" style=\"border-radius:4px;padding-top:15px;padding-right:15px;padding-bottom:15px;padding-left:15px\">Contacto<\/a><\/div>\n<\/div>\n<\/div>\n<\/div>\n\n\n\n<div style=\"height:100px\" aria-hidden=\"true\" class=\"wp-block-spacer\"><\/div>\n","protected":false},"excerpt":{"rendered":"<p>Cat\u00e1logos DECORACI\u00d3N Y REGALO PELUCHES NUESTRAS MARCAS DE ART\u00cdCULOS DE REGALO Puede encontrar todos estos productos y muchos m\u00e1s en nuestra web de pedidos o si necesita cualquier tipo de informaci\u00f3n en espec\u00edfico puede llamar a nuestros tel\u00e9fonos de contacto.<\/p>\n","protected":false},"author":2,"featured_media":0,"parent":0,"menu_order":0,"comment_status":"closed","ping_status":"closed","template":"","meta":{"_kad_post_transparent":"","_kad_post_title":"","_kad_post_layout":"","_kad_post_sidebar_id":"","_kad_post_content_style":"","_kad_post_vertical_padding":"","_kad_post_feature":"","_kad_post_feature_position":"","_kad_post_header":false,"_kad_post_footer":false,"_kad_post_classname":"","footnotes":""},"class_list":["post-2288","page","type-page","status-publish","hentry"],"yoast_head":"<!-- This site is optimized with the Yoast SEO plugin v27.1 - https:\/\/yoast.com\/product\/yoast-seo-wordpress\/ -->\n<title>Art\u00edculos de Regalo Comercial Frank - Comercial Frank Canarias<\/title>\n<meta name=\"robots\" content=\"index, follow, max-snippet:-1, max-image-preview:large, max-video-preview:-1\" \/>\n<link rel=\"canonical\" href=\"https:\/\/www.comercialfrankcanarias.com\/index.php\/articulos-de-regalo-comercial-frank\/\" \/>\n<meta property=\"og:locale\" content=\"es_ES\" \/>\n<meta property=\"og:type\" content=\"article\" \/>\n<meta property=\"og:title\" content=\"Art\u00edculos de Regalo Comercial Frank - Comercial Frank Canarias\" \/>\n<meta property=\"og:description\" content=\"Cat\u00e1logos DECORACI\u00d3N Y REGALO PELUCHES NUESTRAS MARCAS DE ART\u00cdCULOS DE REGALO Puede encontrar todos estos productos y muchos m\u00e1s en nuestra web de pedidos o si necesita cualquier tipo de informaci\u00f3n en espec\u00edfico puede llamar a nuestros tel\u00e9fonos de contacto.\" \/>\n<meta property=\"og:url\" content=\"https:\/\/www.comercialfrankcanarias.com\/index.php\/articulos-de-regalo-comercial-frank\/\" \/>\n<meta property=\"og:site_name\" content=\"Comercial Frank Canarias\" \/>\n<meta property=\"article:modified_time\" content=\"2025-08-14T09:17:28+00:00\" \/>\n<meta property=\"og:image\" content=\"https:\/\/www.comercialfrankcanarias.com\/wp-content\/uploads\/2024\/06\/Articulos-regalo-1.png\" \/>\n\t<meta property=\"og:image:width\" content=\"1920\" \/>\n\t<meta property=\"og:image:height\" content=\"540\" \/>\n\t<meta property=\"og:image:type\" content=\"image\/png\" \/>\n<meta name=\"twitter:card\" content=\"summary_large_image\" \/>\n<meta name=\"twitter:label1\" content=\"Tiempo de lectura\" \/>\n\t<meta name=\"twitter:data1\" content=\"2 minutos\" \/>\n<script type=\"application\/ld+json\" class=\"yoast-schema-graph\">{\"@context\":\"https:\/\/schema.org\",\"@graph\":[{\"@type\":\"WebPage\",\"@id\":\"https:\/\/www.comercialfrankcanarias.com\/index.php\/articulos-de-regalo-comercial-frank\/\",\"url\":\"https:\/\/www.comercialfrankcanarias.com\/index.php\/articulos-de-regalo-comercial-frank\/\",\"name\":\"Art\u00edculos de Regalo Comercial Frank - Comercial Frank Canarias\",\"isPartOf\":{\"@id\":\"https:\/\/www.comercialfrankcanarias.com\/#website\"},\"primaryImageOfPage\":{\"@id\":\"https:\/\/www.comercialfrankcanarias.com\/index.php\/articulos-de-regalo-comercial-frank\/#primaryimage\"},\"image\":{\"@id\":\"https:\/\/www.comercialfrankcanarias.com\/index.php\/articulos-de-regalo-comercial-frank\/#primaryimage\"},\"thumbnailUrl\":\"https:\/\/www.comercialfrankcanarias.com\/wp-content\/uploads\/2024\/06\/Articulos-regalo-1.png\",\"datePublished\":\"2024-07-10T09:32:01+00:00\",\"dateModified\":\"2025-08-14T09:17:28+00:00\",\"breadcrumb\":{\"@id\":\"https:\/\/www.comercialfrankcanarias.com\/index.php\/articulos-de-regalo-comercial-frank\/#breadcrumb\"},\"inLanguage\":\"es\",\"potentialAction\":[{\"@type\":\"ReadAction\",\"target\":[\"https:\/\/www.comercialfrankcanarias.com\/index.php\/articulos-de-regalo-comercial-frank\/\"]}]},{\"@type\":\"ImageObject\",\"inLanguage\":\"es\",\"@id\":\"https:\/\/www.comercialfrankcanarias.com\/index.php\/articulos-de-regalo-comercial-frank\/#primaryimage\",\"url\":\"https:\/\/www.comercialfrankcanarias.com\/wp-content\/uploads\/2024\/06\/Articulos-regalo-1.png\",\"contentUrl\":\"https:\/\/www.comercialfrankcanarias.com\/wp-content\/uploads\/2024\/06\/Articulos-regalo-1.png\",\"width\":1920,\"height\":540},{\"@type\":\"BreadcrumbList\",\"@id\":\"https:\/\/www.comercialfrankcanarias.com\/index.php\/articulos-de-regalo-comercial-frank\/#breadcrumb\",\"itemListElement\":[{\"@type\":\"ListItem\",\"position\":1,\"name\":\"Portada\",\"item\":\"https:\/\/www.comercialfrankcanarias.com\/\"},{\"@type\":\"ListItem\",\"position\":2,\"name\":\"Art\u00edculos de Regalo Comercial Frank\"}]},{\"@type\":\"WebSite\",\"@id\":\"https:\/\/www.comercialfrankcanarias.com\/#website\",\"url\":\"https:\/\/www.comercialfrankcanarias.com\/\",\"name\":\"Comercial Frank Canarias\",\"description\":\"Proveedor de productos qu\u00edmicos para automoci\u00f3n:Lubricantes, anticongelantes, lavaparabrisas, hidraulicos, limpieza, etc.\",\"publisher\":{\"@id\":\"https:\/\/www.comercialfrankcanarias.com\/#organization\"},\"potentialAction\":[{\"@type\":\"SearchAction\",\"target\":{\"@type\":\"EntryPoint\",\"urlTemplate\":\"https:\/\/www.comercialfrankcanarias.com\/?s={search_term_string}\"},\"query-input\":{\"@type\":\"PropertyValueSpecification\",\"valueRequired\":true,\"valueName\":\"search_term_string\"}}],\"inLanguage\":\"es\"},{\"@type\":\"Organization\",\"@id\":\"https:\/\/www.comercialfrankcanarias.com\/#organization\",\"name\":\"Comercial Frank Canarias\",\"url\":\"https:\/\/www.comercialfrankcanarias.com\/\",\"logo\":{\"@type\":\"ImageObject\",\"inLanguage\":\"es\",\"@id\":\"https:\/\/www.comercialfrankcanarias.com\/#\/schema\/logo\/image\/\",\"url\":\"https:\/\/www.comercialfrankcanarias.com\/wp-content\/uploads\/2023\/05\/cropped-logo.jpg\",\"contentUrl\":\"https:\/\/www.comercialfrankcanarias.com\/wp-content\/uploads\/2023\/05\/cropped-logo.jpg\",\"width\":249,\"height\":223,\"caption\":\"Comercial Frank Canarias\"},\"image\":{\"@id\":\"https:\/\/www.comercialfrankcanarias.com\/#\/schema\/logo\/image\/\"}}]}<\/script>\n<!-- \/ Yoast SEO plugin. -->","yoast_head_json":{"title":"Art\u00edculos de Regalo Comercial Frank - Comercial Frank Canarias","robots":{"index":"index","follow":"follow","max-snippet":"max-snippet:-1","max-image-preview":"max-image-preview:large","max-video-preview":"max-video-preview:-1"},"canonical":"https:\/\/www.comercialfrankcanarias.com\/index.php\/articulos-de-regalo-comercial-frank\/","og_locale":"es_ES","og_type":"article","og_title":"Art\u00edculos de Regalo Comercial Frank - Comercial Frank Canarias","og_description":"Cat\u00e1logos DECORACI\u00d3N Y REGALO PELUCHES NUESTRAS MARCAS DE ART\u00cdCULOS DE REGALO Puede encontrar todos estos productos y muchos m\u00e1s en nuestra web de pedidos o si necesita cualquier tipo de informaci\u00f3n en espec\u00edfico puede llamar a nuestros tel\u00e9fonos de contacto.","og_url":"https:\/\/www.comercialfrankcanarias.com\/index.php\/articulos-de-regalo-comercial-frank\/","og_site_name":"Comercial Frank Canarias","article_modified_time":"2025-08-14T09:17:28+00:00","og_image":[{"width":1920,"height":540,"url":"https:\/\/www.comercialfrankcanarias.com\/wp-content\/uploads\/2024\/06\/Articulos-regalo-1.png","type":"image\/png"}],"twitter_card":"summary_large_image","twitter_misc":{"Tiempo de lectura":"2 minutos"},"schema":{"@context":"https:\/\/schema.org","@graph":[{"@type":"WebPage","@id":"https:\/\/www.comercialfrankcanarias.com\/index.php\/articulos-de-regalo-comercial-frank\/","url":"https:\/\/www.comercialfrankcanarias.com\/index.php\/articulos-de-regalo-comercial-frank\/","name":"Art\u00edculos de Regalo Comercial Frank - Comercial Frank Canarias","isPartOf":{"@id":"https:\/\/www.comercialfrankcanarias.com\/#website"},"primaryImageOfPage":{"@id":"https:\/\/www.comercialfrankcanarias.com\/index.php\/articulos-de-regalo-comercial-frank\/#primaryimage"},"image":{"@id":"https:\/\/www.comercialfrankcanarias.com\/index.php\/articulos-de-regalo-comercial-frank\/#primaryimage"},"thumbnailUrl":"https:\/\/www.comercialfrankcanarias.com\/wp-content\/uploads\/2024\/06\/Articulos-regalo-1.png","datePublished":"2024-07-10T09:32:01+00:00","dateModified":"2025-08-14T09:17:28+00:00","breadcrumb":{"@id":"https:\/\/www.comercialfrankcanarias.com\/index.php\/articulos-de-regalo-comercial-frank\/#breadcrumb"},"inLanguage":"es","potentialAction":[{"@type":"ReadAction","target":["https:\/\/www.comercialfrankcanarias.com\/index.php\/articulos-de-regalo-comercial-frank\/"]}]},{"@type":"ImageObject","inLanguage":"es","@id":"https:\/\/www.comercialfrankcanarias.com\/index.php\/articulos-de-regalo-comercial-frank\/#primaryimage","url":"https:\/\/www.comercialfrankcanarias.com\/wp-content\/uploads\/2024\/06\/Articulos-regalo-1.png","contentUrl":"https:\/\/www.comercialfrankcanarias.com\/wp-content\/uploads\/2024\/06\/Articulos-regalo-1.png","width":1920,"height":540},{"@type":"BreadcrumbList","@id":"https:\/\/www.comercialfrankcanarias.com\/index.php\/articulos-de-regalo-comercial-frank\/#breadcrumb","itemListElement":[{"@type":"ListItem","position":1,"name":"Portada","item":"https:\/\/www.comercialfrankcanarias.com\/"},{"@type":"ListItem","position":2,"name":"Art\u00edculos de Regalo Comercial Frank"}]},{"@type":"WebSite","@id":"https:\/\/www.comercialfrankcanarias.com\/#website","url":"https:\/\/www.comercialfrankcanarias.com\/","name":"Comercial Frank Canarias","description":"Proveedor de productos qu\u00edmicos para automoci\u00f3n:Lubricantes, anticongelantes, lavaparabrisas, hidraulicos, limpieza, etc.","publisher":{"@id":"https:\/\/www.comercialfrankcanarias.com\/#organization"},"potentialAction":[{"@type":"SearchAction","target":{"@type":"EntryPoint","urlTemplate":"https:\/\/www.comercialfrankcanarias.com\/?s={search_term_string}"},"query-input":{"@type":"PropertyValueSpecification","valueRequired":true,"valueName":"search_term_string"}}],"inLanguage":"es"},{"@type":"Organization","@id":"https:\/\/www.comercialfrankcanarias.com\/#organization","name":"Comercial Frank Canarias","url":"https:\/\/www.comercialfrankcanarias.com\/","logo":{"@type":"ImageObject","inLanguage":"es","@id":"https:\/\/www.comercialfrankcanarias.com\/#\/schema\/logo\/image\/","url":"https:\/\/www.comercialfrankcanarias.com\/wp-content\/uploads\/2023\/05\/cropped-logo.jpg","contentUrl":"https:\/\/www.comercialfrankcanarias.com\/wp-content\/uploads\/2023\/05\/cropped-logo.jpg","width":249,"height":223,"caption":"Comercial Frank Canarias"},"image":{"@id":"https:\/\/www.comercialfrankcanarias.com\/#\/schema\/logo\/image\/"}}]}},"_links":{"self":[{"href":"https:\/\/www.comercialfrankcanarias.com\/index.php\/wp-json\/wp\/v2\/pages\/2288","targetHints":{"allow":["GET"]}}],"collection":[{"href":"https:\/\/www.comercialfrankcanarias.com\/index.php\/wp-json\/wp\/v2\/pages"}],"about":[{"href":"https:\/\/www.comercialfrankcanarias.com\/index.php\/wp-json\/wp\/v2\/types\/page"}],"author":[{"embeddable":true,"href":"https:\/\/www.comercialfrankcanarias.com\/index.php\/wp-json\/wp\/v2\/users\/2"}],"replies":[{"embeddable":true,"href":"https:\/\/www.comercialfrankcanarias.com\/index.php\/wp-json\/wp\/v2\/comments?post=2288"}],"version-history":[{"count":39,"href":"https:\/\/www.comercialfrankcanarias.com\/index.php\/wp-json\/wp\/v2\/pages\/2288\/revisions"}],"predecessor-version":[{"id":3059,"href":"https:\/\/www.comercialfrankcanarias.com\/index.php\/wp-json\/wp\/v2\/pages\/2288\/revisions\/3059"}],"wp:attachment":[{"href":"https:\/\/www.comercialfrankcanarias.com\/index.php\/wp-json\/wp\/v2\/media?parent=2288"}],"curies":[{"name":"wp","href":"https:\/\/api.w.org\/{rel}","templated":true}]}}